{"id":2342,"date":"2023-04-11T13:45:15","date_gmt":"2023-04-11T13:45:15","guid":{"rendered":"https:\/\/almadevelopment.pt\/caxias\/?page_id=2342"},"modified":"2024-05-06T12:09:54","modified_gmt":"2024-05-06T12:09:54","slug":"cookies","status":"publish","type":"page","link":"https:\/\/almadevelopment.pt\/caxias-heights\/cookies\/","title":{"rendered":"Cookies"},"content":{"rendered":"\t\t<div data-elementor-type=\"wp-page\" data-elementor-id=\"2342\" class=\"elementor elementor-2342\" data-elementor-post-type=\"page\">\n\t\t\t\t\t\t<div class=\"elementor-inner\">\n\t\t\t\t<div class=\"elementor-section-wrap\">\n\t\t\t\t\t\t\t\t\t<section class=\"elementor-section elementor-top-section elementor-element elementor-element-5e1747f elementor-section-height-min-height elementor-section-boxed elementor-section-height-default elementor-section-items-middle\" data-id=\"5e1747f\" data-element_type=\"section\" data-settings=\"{&quot;background_background&quot;:&quot;classic&quot;}\">\n\t\t\t\t\t\t<div class=\"elementor-container elementor-column-gap-default\">\n\t\t\t\t\t\t\t<div class=\"elementor-row\">\n\t\t\t\t\t<div class=\"elementor-column elementor-col-100 elementor-top-column elementor-element elementor-element-8430ee3\" data-id=\"8430ee3\" data-element_type=\"column\">\n\t\t\t<div class=\"elementor-column-wrap elementor-element-populated\">\n\t\t\t\t\t\t\t<div class=\"elementor-widget-wrap\">\n\t\t\t\t\t\t<div class=\"elementor-element elementor-element-3c60a5c elementor-invisible elementor-widget elementor-widget-heading\" data-id=\"3c60a5c\" data-element_type=\"widget\" data-settings=\"{&quot;_animation&quot;:&quot;fadeInDown&quot;,&quot;_animation_delay&quot;:100}\" data-widget_type=\"heading.default\">\n\t\t\t\t<div class=\"elementor-widget-container\">\n\t\t\t<style>\/*! elementor - v3.18.0 - 20-12-2023 *\/\n.elementor-heading-title{padding:0;margin:0;line-height:1}.elementor-widget-heading .elementor-heading-title[class*=elementor-size-]>a{color:inherit;font-size:inherit;line-height:inherit}.elementor-widget-heading .elementor-heading-title.elementor-size-small{font-size:15px}.elementor-widget-heading .elementor-heading-title.elementor-size-medium{font-size:19px}.elementor-widget-heading .elementor-heading-title.elementor-size-large{font-size:29px}.elementor-widget-heading .elementor-heading-title.elementor-size-xl{font-size:39px}.elementor-widget-heading .elementor-heading-title.elementor-size-xxl{font-size:59px}<\/style><h1 class=\"elementor-heading-title elementor-size-default\">COOKIES<\/h1>\t\t<\/div>\n\t\t\t\t<\/div>\n\t\t\t\t\t\t<\/div>\n\t\t\t\t\t<\/div>\n\t\t<\/div>\n\t\t\t\t\t\t\t\t<\/div>\n\t\t\t\t\t<\/div>\n\t\t<\/section>\n\t\t\t\t<section class=\"elementor-section elementor-top-section elementor-element elementor-element-ed695a3 elementor-section-boxed elementor-section-height-default elementor-section-height-default\" data-id=\"ed695a3\" data-element_type=\"section\">\n\t\t\t\t\t\t<div class=\"elementor-container elementor-column-gap-default\">\n\t\t\t\t\t\t\t<div class=\"elementor-row\">\n\t\t\t\t\t<div class=\"elementor-column elementor-col-100 elementor-top-column elementor-element elementor-element-ca4899d\" data-id=\"ca4899d\" data-element_type=\"column\">\n\t\t\t<div class=\"elementor-column-wrap elementor-element-populated\">\n\t\t\t\t\t\t\t<div class=\"elementor-widget-wrap\">\n\t\t\t\t\t\t<div class=\"elementor-element elementor-element-47a58b3 elementor-widget elementor-widget-text-editor\" data-id=\"47a58b3\" data-element_type=\"widget\" data-widget_type=\"text-editor.default\">\n\t\t\t\t<div class=\"elementor-widget-container\">\n\t\t\t<style>\/*! elementor - v3.18.0 - 20-12-2023 *\/\n.elementor-widget-text-editor.elementor-drop-cap-view-stacked .elementor-drop-cap{background-color:#69727d;color:#fff}.elementor-widget-text-editor.elementor-drop-cap-view-framed .elementor-drop-cap{color:#69727d;border:3px solid;background-color:transparent}.elementor-widget-text-editor:not(.elementor-drop-cap-view-default) .elementor-drop-cap{margin-top:8px}.elementor-widget-text-editor:not(.elementor-drop-cap-view-default) .elementor-drop-cap-letter{width:1em;height:1em}.elementor-widget-text-editor .elementor-drop-cap{float:left;text-align:center;line-height:1;font-size:50px}.elementor-widget-text-editor .elementor-drop-cap-letter{display:inline-block}<\/style>\t\t\t\t\t<div class=\"elementor-text-editor elementor-clearfix\">\n\t\t\t\t<p><strong>O que s\u00e3o cookies?<br \/><\/strong>Os websites, aplica\u00e7\u00f5es e plataformas digitais podem utilizar cookies ou tecnologias semelhantes, para melhorar a sua experi\u00eancia de navega\u00e7\u00e3o. Os cookies constituem informa\u00e7\u00e3o armazenada no seu equipamento pessoal sobre os sites que visita. Por vezes, s\u00e3o armazenados num ficheiro de texto simples, acedidos por um servidor que l\u00ea e regista a informa\u00e7\u00e3o.<\/p><div id=\"lqd-contents-wrap\" class=\"container\"><p>Os sites apenas podem ler e escrever cookies detidos pelos mesmos.<\/p><p><strong>A nossa utiliza\u00e7\u00e3o de cookies<br \/><\/strong>Quando navega no nosso website, usamos cookies para \u00abreconhecer\u00bb o seu browser, apenas durante a sua visita (\u00abcookie de sess\u00e3o\u00bb) ou durante todas as suas visitas (\u00abcookie permanente\u00bb).<\/p><p>No nosso site, os cookies s\u00e3o utilizados com as seguintes finalidades:<br \/>\u2013 Por motivos t\u00e9cnicos (identificar sess\u00f5es, manter configura\u00e7\u00f5es, etc.) para, por exemplo, adaptar a apresenta\u00e7\u00e3o do website, aplica\u00e7\u00e3o ou plataforma digital ao seu dispositivo;<br \/>\u2013 Para an\u00e1lises estat\u00edsticas e efeitos de gest\u00e3o de tr\u00e1fego online, por exemplo, para melhorar a capacidade de utiliza\u00e7\u00e3o de um website, aplica\u00e7\u00e3o e plataforma digital e a relev\u00e2ncia dos nossos servi\u00e7os;<br \/>\u2013 Para redefinir o p\u00fablico-alvo e fornecer-lhe conte\u00fado de marketing noutros websites;<br \/>\u2013 Para efeitos de geo-localiza\u00e7\u00e3o ao utilizar fun\u00e7\u00f5es espec\u00edficas, como recomenda\u00e7\u00f5es de moradas de escrit\u00f3rios.<\/p><p><strong>Cookies de terceiros<br \/><\/strong>Se autorizado nas suas defini\u00e7\u00f5es de cookies (consultar a sec\u00e7\u00e3o de defini\u00e7\u00f5es de cookies abaixo), terceiros (ag\u00eancias de publicidade, Panarcole de an\u00e1lises de internet, etc.) ir\u00e3o configurar\/ler cookies quando navega no nosso website, aplica\u00e7\u00f5es digitais.<\/p><p>A utiliza\u00e7\u00e3o destes cookies \u00e9 gerida pelas pol\u00edticas de privacidade.<\/p><p>Estes cookies s\u00e3o usados por estas Panarcole, durante a vida \u00fatil dos cookies, para determinar e distribuir conte\u00fado publicit\u00e1rio relevante, refletindo os seus principais interesses com base no conhecimento dos seus h\u00e1bitos de navega\u00e7\u00e3o no nosso website, aplica\u00e7\u00f5es e plataformas digitais.<\/p><p><strong>Redes sociais<br \/><\/strong>Para lhe permitir partilhar conte\u00fados ou coment\u00e1rios sobre os nossos produtos e\/ou servi\u00e7os, o nosso website, podem incluir componentes de redes sociais (bot\u00f5es, plug-ins, etc.).<\/p><p>Estes componentes s\u00e3o usados pelas redes sociais para registar os seus h\u00e1bitos de navega\u00e7\u00e3o e s\u00f3 funcionar\u00e3o se o seu navegador estiver ligado \u00e0 rede social em quest\u00e3o (mas n\u00e3o tem de ter usado o bot\u00e3o \u00abpartilhar\u00bb, por exemplo).<\/p><p>As redes sociais que usa determinam os termos que regem a sua utiliza\u00e7\u00e3o da informa\u00e7\u00e3o que estas obt\u00eam n\u00e3o tendo a PANARCOLE qualquer controlo sobre a utiliza\u00e7\u00e3o desta informa\u00e7\u00e3o. Recomendamos que consulte as respetivas pol\u00edticas de privacidade, que especificar\u00e3o a forma como usam estes dados e as a\u00e7\u00f5es que pode efetuar para aumentar a confidencialidade da conta.<\/p><p><strong>Dispositivos partilhados<br \/><\/strong>Como os cookies est\u00e3o ligados ao dispositivo e ao navegador usado, n\u00e3o \u00e9 poss\u00edvel determinar a identidade do utilizador do dispositivo. Deste modo, alguns servi\u00e7os e publicidade oferecidos neste dispositivo podem n\u00e3o corresponder \u00e0 sua utiliza\u00e7\u00e3o (as defini\u00e7\u00f5es\/os h\u00e1bitos de navega\u00e7\u00e3o de outros utilizadores do dispositivo podem influenciar o conte\u00fado oferecido).<\/p><p>Pode escolher o n\u00edvel de confidencialidade do seu dispositivo ao decidir quem o pode utilizar (pessoas autorizadas a aceder ao dispositivo) e alterar as suas defini\u00e7\u00f5es (em especial, as defini\u00e7\u00f5es de cookies).<\/p><p><strong>Defini\u00e7\u00f5es de cookies<br \/><\/strong>Pode alterar as suas defini\u00e7\u00f5es de cookies em qualquer momento, encontrando-se dispon\u00edveis v\u00e1rias op\u00e7\u00f5es, como descrito abaixo.<\/p><p>As defini\u00e7\u00f5es que escolher podem afetar a sua experi\u00eancia de navega\u00e7\u00e3o e o funcionamento de alguns servi\u00e7os que exijam a utiliza\u00e7\u00e3o de cookies. Neste sentido, rejeitamos qualquer responsabilidade pelas consequ\u00eancias advenientes do funcionamento limitado dos nossos servi\u00e7os, provocados pela desativa\u00e7\u00e3o de cookies no seu dispositivo (incapacidade de definir ou ler um cookie).<\/p><p><strong>Computadores (PC)<br \/><\/strong>Pode gerir os cookies atrav\u00e9s de v\u00e1rias op\u00e7\u00f5es nas defini\u00e7\u00f5es do seu navegador, para permitir ou bloquear cookies, em geral ou para a\u00e7\u00f5es espec\u00edficas, em qualquer altura. Os cookies s\u00e3o geridos de forma diferente em cada navegador.<\/p><p>Visite o link do seu navegador para saber mais:<\/p><p>Google Chrome https:\/\/support.google.com\/chrome\/answer\/95647?hl=en<\/p><p>Internet Explorer http:\/\/windows.microsoft.com\/en-us\/internet-explorer\/delete-manage-cookies#ie=ie-11<\/p><p>Mozilla Firefox https:\/\/support.mozilla.org\/en-US\/kb\/delete-cookies-remove-info-websites-stored<\/p><p>Safari https:\/\/support.apple.com\/en-gb\/HT201265<\/p><p>Edge https:\/\/privacy.microsoft.com\/pt-pt\/windows-10-microsoft-edge-and-privacy<\/p><p>Para todos os outros dispositivos (smartphones, tablets, dispositivos inteligentes), consulte o menu ajuda no seu navegador.<\/p><\/div><p>\u00a0<\/p>\t\t\t\t\t<\/div>\n\t\t\t\t\t\t<\/div>\n\t\t\t\t<\/div>\n\t\t\t\t<div class=\"elementor-element elementor-element-dcf7fd1 elementor-widget elementor-widget-spacer\" data-id=\"dcf7fd1\" data-element_type=\"widget\" data-widget_type=\"spacer.default\">\n\t\t\t\t<div class=\"elementor-widget-container\">\n\t\t\t<style>\/*! elementor - v3.18.0 - 20-12-2023 *\/\n.elementor-column .elementor-spacer-inner{height:var(--spacer-size)}.e-con{--container-widget-width:100%}.e-con-inner>.elementor-widget-spacer,.e-con>.elementor-widget-spacer{width:var(--container-widget-width,var(--spacer-size));--align-self:var(--container-widget-align-self,initial);--flex-shrink:0}.e-con-inner>.elementor-widget-spacer>.elementor-widget-container,.e-con>.elementor-widget-spacer>.elementor-widget-container{height:100%;width:100%}.e-con-inner>.elementor-widget-spacer>.elementor-widget-container>.elementor-spacer,.e-con>.elementor-widget-spacer>.elementor-widget-container>.elementor-spacer{height:100%}.e-con-inner>.elementor-widget-spacer>.elementor-widget-container>.elementor-spacer>.elementor-spacer-inner,.e-con>.elementor-widget-spacer>.elementor-widget-container>.elementor-spacer>.elementor-spacer-inner{height:var(--container-widget-height,var(--spacer-size))}.e-con-inner>.elementor-widget-spacer.elementor-widget-empty,.e-con>.elementor-widget-spacer.elementor-widget-empty{position:relative;min-height:22px;min-width:22px}.e-con-inner>.elementor-widget-spacer.elementor-widget-empty .elementor-widget-empty-icon,.e-con>.elementor-widget-spacer.elementor-widget-empty .elementor-widget-empty-icon{position:absolute;top:0;bottom:0;left:0;right:0;margin:auto;padding:0;width:22px;height:22px}<\/style>\t\t<div class=\"elementor-spacer\">\n\t\t\t<div class=\"elementor-spacer-inner\"><\/div>\n\t\t<\/div>\n\t\t\t\t<\/div>\n\t\t\t\t<\/div>\n\t\t\t\t\t\t<\/div>\n\t\t\t\t\t<\/div>\n\t\t<\/div>\n\t\t\t\t\t\t\t\t<\/div>\n\t\t\t\t\t<\/div>\n\t\t<\/section>\n\t\t\t\t\t\t\t\t\t<\/div>\n\t\t\t<\/div>\n\t\t\t\t\t<\/div>\n\t\t","protected":false},"excerpt":{"rendered":"<p>COOKIES O que s\u00e3o cookies?Os websites, aplica\u00e7\u00f5es e plataformas digitais podem utilizar cookies ou tecnologias semelhantes, para melhorar a sua experi\u00eancia de navega\u00e7\u00e3o. Os cookies constituem informa\u00e7\u00e3o armazenada no seu equipamento pessoal sobre os sites que visita. Por vezes, s\u00e3o armazenados num ficheiro de texto simples, acedidos por um servidor que l\u00ea e regista a [&hellip;]<\/p>\n","protected":false},"author":9,"featured_media":0,"parent":0,"menu_order":0,"comment_status":"closed","ping_status":"closed","template":"elementor_header_footer","meta":{"site-sidebar-layout":"no-sidebar","site-content-layout":"page-builder","ast-site-content-layout":"","site-content-style":"default","site-sidebar-style":"default","ast-global-header-display":"","ast-banner-title-visibility":"","ast-main-header-display":"","ast-hfb-above-header-display":"","ast-hfb-below-header-display":"","ast-hfb-mobile-header-display":"","site-post-title":"disabled","ast-breadcrumbs-content":"","ast-featured-img":"disabled","footer-sml-layout":"","theme-transparent-header-meta":"","adv-header-id-meta":"","stick-header-meta":"","header-above-stick-meta":"","header-main-stick-meta":"","header-below-stick-meta":"","astra-migrate-meta-layouts":"default","ast-page-background-enabled":"default","ast-page-background-meta":{"desktop":{"background-color":"var(--ast-global-color-4)","background-image":"","background-repeat":"repeat","background-position":"center center","background-size":"auto","background-attachment":"scroll","background-type":"","background-media":"","overlay-type":"","overlay-color":"","overlay-gradient":""},"tablet":{"background-color":"","background-image":"","background-repeat":"repeat","background-position":"center center","background-size":"auto","background-attachment":"scroll","background-type":"","background-media":"","overlay-type":"","overlay-color":"","overlay-gradient":""},"mobile":{"background-color":"","background-image":"","background-repeat":"repeat","background-position":"center center","background-size":"auto","background-attachment":"scroll","background-type":"","background-media":"","overlay-type":"","overlay-color":"","overlay-gradient":""}},"ast-content-background-meta":{"desktop":{"background-color":"var(--ast-global-color-5)","background-image":"","background-repeat":"repeat","background-position":"center center","background-size":"auto","background-attachment":"scroll","background-type":"","background-media":"","overlay-type":"","overlay-color":"","overlay-gradient":""},"tablet":{"background-color":"var(--ast-global-color-5)","background-image":"","background-repeat":"repeat","background-position":"center center","background-size":"auto","background-attachment":"scroll","background-type":"","background-media":"","overlay-type":"","overlay-color":"","overlay-gradient":""},"mobile":{"background-color":"var(--ast-global-color-5)","background-image":"","background-repeat":"repeat","background-position":"center center","background-size":"auto","background-attachment":"scroll","background-type":"","background-media":"","overlay-type":"","overlay-color":"","overlay-gradient":""}},"footnotes":""},"class_list":["post-2342","page","type-page","status-publish","hentry"],"yoast_head":"<!-- This site is optimized with the Yoast SEO plugin v27.3 - https:\/\/yoast.com\/product\/yoast-seo-wordpress\/ -->\n<title>Cookies - Caxias Heights<\/title>\n<meta name=\"robots\" content=\"index, follow, max-snippet:-1, max-image-preview:large, max-video-preview:-1\" \/>\n<link rel=\"canonical\" href=\"https:\/\/almadevelopment.pt\/caxias-heights\/cookies\/\" \/>\n<meta property=\"og:locale\" content=\"pt_PT\" \/>\n<meta property=\"og:type\" content=\"article\" \/>\n<meta property=\"og:title\" content=\"Cookies - Caxias Heights\" \/>\n<meta property=\"og:description\" content=\"COOKIES O que s\u00e3o cookies?Os websites, aplica\u00e7\u00f5es e plataformas digitais podem utilizar cookies ou tecnologias semelhantes, para melhorar a sua experi\u00eancia de navega\u00e7\u00e3o. Os cookies constituem informa\u00e7\u00e3o armazenada no seu equipamento pessoal sobre os sites que visita. Por vezes, s\u00e3o armazenados num ficheiro de texto simples, acedidos por um servidor que l\u00ea e regista a [&hellip;]\" \/>\n<meta property=\"og:url\" content=\"https:\/\/almadevelopment.pt\/caxias-heights\/cookies\/\" \/>\n<meta property=\"og:site_name\" content=\"Caxias Heights\" \/>\n<meta property=\"article:publisher\" content=\"https:\/\/www.facebook.com\/alma.development.panhard\" \/>\n<meta property=\"article:modified_time\" content=\"2024-05-06T12:09:54+00:00\" \/>\n<meta property=\"og:image\" content=\"https:\/\/almadevelopment.pt\/caxias-heights\/wp-content\/uploads\/sites\/3\/2024\/06\/T3_Varanda_A2A-1680-x-945.webp\" \/>\n\t<meta property=\"og:image:width\" content=\"1680\" \/>\n\t<meta property=\"og:image:height\" content=\"945\" \/>\n\t<meta property=\"og:image:type\" content=\"image\/webp\" \/>\n<meta name=\"twitter:card\" content=\"summary_large_image\" \/>\n<meta name=\"twitter:label1\" content=\"Tempo estimado de leitura\" \/>\n\t<meta name=\"twitter:data1\" content=\"4 minutos\" \/>\n<script type=\"application\/ld+json\" class=\"yoast-schema-graph\">{\"@context\":\"https:\\\/\\\/schema.org\",\"@graph\":[{\"@type\":\"WebPage\",\"@id\":\"https:\\\/\\\/almadevelopment.pt\\\/caxias-heights\\\/cookies\\\/\",\"url\":\"https:\\\/\\\/almadevelopment.pt\\\/caxias-heights\\\/cookies\\\/\",\"name\":\"Cookies - Caxias Heights\",\"isPartOf\":{\"@id\":\"https:\\\/\\\/almadevelopment.pt\\\/caxias-heights\\\/#website\"},\"datePublished\":\"2023-04-11T13:45:15+00:00\",\"dateModified\":\"2024-05-06T12:09:54+00:00\",\"breadcrumb\":{\"@id\":\"https:\\\/\\\/almadevelopment.pt\\\/caxias-heights\\\/cookies\\\/#breadcrumb\"},\"inLanguage\":\"pt-PT\",\"potentialAction\":[{\"@type\":\"ReadAction\",\"target\":[\"https:\\\/\\\/almadevelopment.pt\\\/caxias-heights\\\/cookies\\\/\"]}]},{\"@type\":\"BreadcrumbList\",\"@id\":\"https:\\\/\\\/almadevelopment.pt\\\/caxias-heights\\\/cookies\\\/#breadcrumb\",\"itemListElement\":[{\"@type\":\"ListItem\",\"position\":1,\"name\":\"Home\",\"item\":\"https:\\\/\\\/almadevelopment.pt\\\/caxias-heights\\\/\"},{\"@type\":\"ListItem\",\"position\":2,\"name\":\"Cookies\"}]},{\"@type\":\"WebSite\",\"@id\":\"https:\\\/\\\/almadevelopment.pt\\\/caxias-heights\\\/#website\",\"url\":\"https:\\\/\\\/almadevelopment.pt\\\/caxias-heights\\\/\",\"name\":\"Caxias Heights\",\"description\":\"\",\"publisher\":{\"@id\":\"https:\\\/\\\/almadevelopment.pt\\\/caxias-heights\\\/#organization\"},\"potentialAction\":[{\"@type\":\"SearchAction\",\"target\":{\"@type\":\"EntryPoint\",\"urlTemplate\":\"https:\\\/\\\/almadevelopment.pt\\\/caxias-heights\\\/?s={search_term_string}\"},\"query-input\":{\"@type\":\"PropertyValueSpecification\",\"valueRequired\":true,\"valueName\":\"search_term_string\"}}],\"inLanguage\":\"pt-PT\"},{\"@type\":\"Organization\",\"@id\":\"https:\\\/\\\/almadevelopment.pt\\\/caxias-heights\\\/#organization\",\"name\":\"ALMA Development\",\"url\":\"https:\\\/\\\/almadevelopment.pt\\\/caxias-heights\\\/\",\"logo\":{\"@type\":\"ImageObject\",\"inLanguage\":\"pt-PT\",\"@id\":\"https:\\\/\\\/almadevelopment.pt\\\/caxias-heights\\\/#\\\/schema\\\/logo\\\/image\\\/\",\"url\":\"https:\\\/\\\/almadevelopment.pt\\\/caxias-heights\\\/wp-content\\\/uploads\\\/sites\\\/3\\\/2024\\\/06\\\/cropped-Logo-1-1-1.jpg\",\"contentUrl\":\"https:\\\/\\\/almadevelopment.pt\\\/caxias-heights\\\/wp-content\\\/uploads\\\/sites\\\/3\\\/2024\\\/06\\\/cropped-Logo-1-1-1.jpg\",\"width\":512,\"height\":512,\"caption\":\"ALMA Development\"},\"image\":{\"@id\":\"https:\\\/\\\/almadevelopment.pt\\\/caxias-heights\\\/#\\\/schema\\\/logo\\\/image\\\/\"},\"sameAs\":[\"https:\\\/\\\/www.facebook.com\\\/alma.development.panhard\",\"https:\\\/\\\/www.instagram.com\\\/alma.development\\\/\",\"https:\\\/\\\/www.linkedin.com\\\/company\\\/alma-development-panhard-international\\\/\"]}]}<\/script>\n<!-- \/ Yoast SEO plugin. -->","yoast_head_json":{"title":"Cookies - Caxias Heights","robots":{"index":"index","follow":"follow","max-snippet":"max-snippet:-1","max-image-preview":"max-image-preview:large","max-video-preview":"max-video-preview:-1"},"canonical":"https:\/\/almadevelopment.pt\/caxias-heights\/cookies\/","og_locale":"pt_PT","og_type":"article","og_title":"Cookies - Caxias Heights","og_description":"COOKIES O que s\u00e3o cookies?Os websites, aplica\u00e7\u00f5es e plataformas digitais podem utilizar cookies ou tecnologias semelhantes, para melhorar a sua experi\u00eancia de navega\u00e7\u00e3o. Os cookies constituem informa\u00e7\u00e3o armazenada no seu equipamento pessoal sobre os sites que visita. Por vezes, s\u00e3o armazenados num ficheiro de texto simples, acedidos por um servidor que l\u00ea e regista a [&hellip;]","og_url":"https:\/\/almadevelopment.pt\/caxias-heights\/cookies\/","og_site_name":"Caxias Heights","article_publisher":"https:\/\/www.facebook.com\/alma.development.panhard","article_modified_time":"2024-05-06T12:09:54+00:00","og_image":[{"width":1680,"height":945,"url":"https:\/\/almadevelopment.pt\/caxias-heights\/wp-content\/uploads\/sites\/3\/2024\/06\/T3_Varanda_A2A-1680-x-945.webp","type":"image\/webp"}],"twitter_card":"summary_large_image","twitter_misc":{"Tempo estimado de leitura":"4 minutos"},"schema":{"@context":"https:\/\/schema.org","@graph":[{"@type":"WebPage","@id":"https:\/\/almadevelopment.pt\/caxias-heights\/cookies\/","url":"https:\/\/almadevelopment.pt\/caxias-heights\/cookies\/","name":"Cookies - Caxias Heights","isPartOf":{"@id":"https:\/\/almadevelopment.pt\/caxias-heights\/#website"},"datePublished":"2023-04-11T13:45:15+00:00","dateModified":"2024-05-06T12:09:54+00:00","breadcrumb":{"@id":"https:\/\/almadevelopment.pt\/caxias-heights\/cookies\/#breadcrumb"},"inLanguage":"pt-PT","potentialAction":[{"@type":"ReadAction","target":["https:\/\/almadevelopment.pt\/caxias-heights\/cookies\/"]}]},{"@type":"BreadcrumbList","@id":"https:\/\/almadevelopment.pt\/caxias-heights\/cookies\/#breadcrumb","itemListElement":[{"@type":"ListItem","position":1,"name":"Home","item":"https:\/\/almadevelopment.pt\/caxias-heights\/"},{"@type":"ListItem","position":2,"name":"Cookies"}]},{"@type":"WebSite","@id":"https:\/\/almadevelopment.pt\/caxias-heights\/#website","url":"https:\/\/almadevelopment.pt\/caxias-heights\/","name":"Caxias Heights","description":"","publisher":{"@id":"https:\/\/almadevelopment.pt\/caxias-heights\/#organization"},"potentialAction":[{"@type":"SearchAction","target":{"@type":"EntryPoint","urlTemplate":"https:\/\/almadevelopment.pt\/caxias-heights\/?s={search_term_string}"},"query-input":{"@type":"PropertyValueSpecification","valueRequired":true,"valueName":"search_term_string"}}],"inLanguage":"pt-PT"},{"@type":"Organization","@id":"https:\/\/almadevelopment.pt\/caxias-heights\/#organization","name":"ALMA Development","url":"https:\/\/almadevelopment.pt\/caxias-heights\/","logo":{"@type":"ImageObject","inLanguage":"pt-PT","@id":"https:\/\/almadevelopment.pt\/caxias-heights\/#\/schema\/logo\/image\/","url":"https:\/\/almadevelopment.pt\/caxias-heights\/wp-content\/uploads\/sites\/3\/2024\/06\/cropped-Logo-1-1-1.jpg","contentUrl":"https:\/\/almadevelopment.pt\/caxias-heights\/wp-content\/uploads\/sites\/3\/2024\/06\/cropped-Logo-1-1-1.jpg","width":512,"height":512,"caption":"ALMA Development"},"image":{"@id":"https:\/\/almadevelopment.pt\/caxias-heights\/#\/schema\/logo\/image\/"},"sameAs":["https:\/\/www.facebook.com\/alma.development.panhard","https:\/\/www.instagram.com\/alma.development\/","https:\/\/www.linkedin.com\/company\/alma-development-panhard-international\/"]}]}},"_links":{"self":[{"href":"https:\/\/almadevelopment.pt\/caxias-heights\/wp-json\/wp\/v2\/pages\/2342","targetHints":{"allow":["GET"]}}],"collection":[{"href":"https:\/\/almadevelopment.pt\/caxias-heights\/wp-json\/wp\/v2\/pages"}],"about":[{"href":"https:\/\/almadevelopment.pt\/caxias-heights\/wp-json\/wp\/v2\/types\/page"}],"author":[{"embeddable":true,"href":"https:\/\/almadevelopment.pt\/caxias-heights\/wp-json\/wp\/v2\/users\/9"}],"replies":[{"embeddable":true,"href":"https:\/\/almadevelopment.pt\/caxias-heights\/wp-json\/wp\/v2\/comments?post=2342"}],"version-history":[{"count":22,"href":"https:\/\/almadevelopment.pt\/caxias-heights\/wp-json\/wp\/v2\/pages\/2342\/revisions"}],"predecessor-version":[{"id":6488,"href":"https:\/\/almadevelopment.pt\/caxias-heights\/wp-json\/wp\/v2\/pages\/2342\/revisions\/6488"}],"wp:attachment":[{"href":"https:\/\/almadevelopment.pt\/caxias-heights\/wp-json\/wp\/v2\/media?parent=2342"}],"curies":[{"name":"wp","href":"https:\/\/api.w.org\/{rel}","templated":true}]}}