{"id":11077,"date":"2023-10-15T22:54:09","date_gmt":"2023-10-15T22:54:09","guid":{"rendered":"https:\/\/almadevelopment.pt\/our-team-stephane-chauvel\/"},"modified":"2024-01-16T17:36:32","modified_gmt":"2024-01-16T17:36:32","slug":"our-team-stephane-chauvel","status":"publish","type":"page","link":"https:\/\/almadevelopment.pt\/en\/our-team-stephane-chauvel\/","title":{"rendered":"Our Team &#8211; Stephane Chauvel"},"content":{"rendered":"\t\t<div data-elementor-type=\"wp-page\" data-elementor-id=\"11077\" class=\"elementor elementor-11077 elementor-10716\" data-elementor-post-type=\"page\">\n\t\t\t\t\t\t\t\t\t<section class=\"elementor-section elementor-top-section elementor-element elementor-element-a2ae01c elementor-section-boxed elementor-section-height-default elementor-section-height-default\" data-id=\"a2ae01c\" data-element_type=\"section\">\n\t\t\t\t\t\t\t<div class=\"elementor-background-overlay\"><\/div>\n\t\t\t\t\t\t\t<div class=\"elementor-container elementor-column-gap-default\">\n\t\t\t\t\t<div class=\"elementor-column elementor-col-33 elementor-top-column elementor-element elementor-element-d328cdb\" data-id=\"d328cdb\" data-element_type=\"column\">\n\t\t\t<div class=\"elementor-widget-wrap elementor-element-populated\">\n\t\t\t\t\t\t\t\t<div class=\"elementor-element elementor-element-02ba1ae elementor-widget__width-auto elementor-widget elementor-widget-ld_button\" data-id=\"02ba1ae\" data-element_type=\"widget\" data-widget_type=\"ld_button.default\">\n\t\t\t\t<div class=\"elementor-widget-container\">\n\t\t\t\n\t\t<a  href=\"https:\/\/almadevelopment.pt\/en\/about-us\/\" class=\"elementor-button btn align-items-center justify-content-center pos-rel overflow-hidden ws-nowrap btn-naked btn-icon-left btn-icon-bordered btn-has-label\" rel=\"nofollow\" >\n\t\t\t\t\t\t\t<span class=\"btn-txt d-block pos-rel z-index-3\"  data-text=\"Back\" >\n\t\t\t\t\t\t\t\t\t\t\tBack\t\t\t\t\t\t\t\t\t<\/span>\n\t\t\t\t\t\t\t\t\t\t\t<span class=\"btn-icon pos-rel z-index-3\">\n\t\t\t\t\t\t<i aria-hidden=\"true\" class=\"fas fa-arrow-left\"><\/i>\t\t\t\t\t<\/span>\n\t\t\t\t\t\t\t<\/a>\n\n\t\t\t\t<\/div>\n\t\t\t\t<\/div>\n\t\t\t\t\t<\/div>\n\t\t<\/div>\n\t\t\t\t<div class=\"elementor-column elementor-col-33 elementor-top-column elementor-element elementor-element-c24302a\" data-id=\"c24302a\" data-element_type=\"column\">\n\t\t\t<div class=\"elementor-widget-wrap\">\n\t\t\t\t\t\t\t\t\t<\/div>\n\t\t<\/div>\n\t\t\t\t<div class=\"elementor-column elementor-col-33 elementor-top-column elementor-element elementor-element-f3f2fe5\" data-id=\"f3f2fe5\" data-element_type=\"column\">\n\t\t\t<div class=\"elementor-widget-wrap\">\n\t\t\t\t\t\t\t\t\t<\/div>\n\t\t<\/div>\n\t\t\t\t\t\t\t<\/div>\n\t\t<\/section>\n\t\t\t\t<section class=\"elementor-section elementor-top-section elementor-element elementor-element-a877737 elementor-section-boxed elementor-section-height-default elementor-section-height-default\" data-id=\"a877737\" data-element_type=\"section\">\n\t\t\t\t\t\t<div class=\"elementor-container elementor-column-gap-extended\">\n\t\t\t\t\t<div class=\"elementor-column elementor-col-50 elementor-top-column elementor-element elementor-element-37489ea\" data-id=\"37489ea\" data-element_type=\"column\">\n\t\t\t<div class=\"elementor-widget-wrap elementor-element-populated\">\n\t\t\t\t\t\t\t\t<div class=\"elementor-element elementor-element-881a362 elementor-widget elementor-widget-ld_fancy_image\" data-id=\"881a362\" data-element_type=\"widget\" data-widget_type=\"ld_fancy_image.default\">\n\t\t\t\t<div class=\"elementor-widget-container\">\n\t\t\t\n\t\t\t<div class=\"lqd-imggrp-single d-inline-flex pos-rel align-items-center justify-content-center\"   >\n\n\t\t\t\t\n\t\t\t\t<div class=\"lqd-imggrp-img-container pos-rel\" >\n\n\t\t\t\t\t<figure\n\t\t\t\t\t\tclass=\"w-100 pos-rel\"\n\t\t\t\t\t\t\t\t\t\t\t\t\t\t\t\t\t>\n\t\t\t\t\t\t<img fetchpriority=\"high\" decoding=\"async\" width=\"640\" height=\"750\" src=\"https:\/\/almadevelopment.pt\/wp-content\/uploads\/2023\/10\/Stephane-Chauvel-Board-and-Partner-ALMA-Development-640x750-1.jpg\" class=\"attachment-full size-full wp-image-10873\" alt=\"\" srcset=\"https:\/\/almadevelopment.pt\/wp-content\/uploads\/2023\/10\/Stephane-Chauvel-Board-and-Partner-ALMA-Development-640x750-1.jpg 640w, https:\/\/almadevelopment.pt\/wp-content\/uploads\/2023\/10\/Stephane-Chauvel-Board-and-Partner-ALMA-Development-640x750-1-256x300.jpg 256w\" sizes=\"(max-width: 640px) 100vw, 640px\" \/>\t\t\t\t\t\t\t\t\t\t\t\t\t\t\t\t\t\t\t\t\t\t\t\t\t\t\t\t\t\t\t\t\t\t\t\t\t\t\t\t\t\t\t\t\t\t\t<\/figure>\n\n\t\t\t\t<\/div>\n\t\t\t<\/div>\n\n\t\t\t\t<\/div>\n\t\t\t\t<\/div>\n\t\t\t\t<div class=\"elementor-element elementor-element-07f108a elementor-widget elementor-widget-hub_fancy_heading\" data-id=\"07f108a\" data-element_type=\"widget\" data-widget_type=\"hub_fancy_heading.default\">\n\t\t\t\t<div class=\"elementor-widget-container\">\n\t\t\t\n\t\t<div id=\"ld-fancy-heading-69d9c4dbec348\" class=\"ld-fancy-heading pos-rel\">\n\t\t\t<h6 class=\"ld-fh-element d-inline-block pos-rel  elementor-heading-title lqd-highlight-classic lqd-highlight-grow-left h6\"  > career path:<\/h6>\t\t<\/div>\n\n\t\t\t\t<\/div>\n\t\t\t\t<\/div>\n\t\t\t\t<div class=\"elementor-element elementor-element-e2c84a9 elementor-widget elementor-widget-hub_fancy_heading\" data-id=\"e2c84a9\" data-element_type=\"widget\" data-widget_type=\"hub_fancy_heading.default\">\n\t\t\t\t<div class=\"elementor-widget-container\">\n\t\t\t\n\t\t<div id=\"ld-fancy-heading-69d9c4dbeca14\" class=\"ld-fancy-heading pos-rel\">\n\t\t\t<p class=\"ld-fh-element d-inline-block pos-rel  lqd-highlight-classic lqd-highlight-grow-left p\"  > While heading the Real Estate area at UBS Bank, he established a team that managed assets worth approximately 2.5bn CHF.<\/p>\t\t<\/div>\n\n\t\t\t\t<\/div>\n\t\t\t\t<\/div>\n\t\t\t\t<div class=\"elementor-element elementor-element-876d628 elementor-widget elementor-widget-hub_fancy_heading\" data-id=\"876d628\" data-element_type=\"widget\" data-widget_type=\"hub_fancy_heading.default\">\n\t\t\t\t<div class=\"elementor-widget-container\">\n\t\t\t\n\t\t<div id=\"ld-fancy-heading-69d9c4dbed0cb\" class=\"ld-fancy-heading pos-rel\">\n\t\t\t<p class=\"ld-fh-element d-inline-block pos-rel  lqd-highlight-classic lqd-highlight-grow-left p\"  > He was also responsible for the Real Estate area at Credit Suisse, where he was involved in numerous business initiatives including Asset Acquisition, Mortgage Origination and Fundraising. At Soci\u00e9t\u00e9 G\u00e9n\u00e9rale, where he headed Real Estate for Asia, he was mainly focused on acquiring distressed assets in Japan.\n\nSt\u00e9phane is currently founder and partner of Greenstone, a private equity firm investing in commercial property in Poland.\n<\/p>\t\t<\/div>\n\n\t\t\t\t<\/div>\n\t\t\t\t<\/div>\n\t\t\t\t\t<\/div>\n\t\t<\/div>\n\t\t\t\t<div class=\"lqd-css-sticky-column elementor-column elementor-col-50 elementor-top-column elementor-element elementor-element-14428f1\" style=\"--lqd-sticky-offset:30px\" data-id=\"14428f1\" data-element_type=\"column\">\n\t\t\t<div class=\"elementor-widget-wrap elementor-element-populated\">\n\t\t\t\t\t\t\t\t<section class=\"elementor-section elementor-inner-section elementor-element elementor-element-e364aa2 elementor-section-boxed elementor-section-height-default elementor-section-height-default\" data-id=\"e364aa2\" data-element_type=\"section\" data-settings=\"{&quot;background_background&quot;:&quot;classic&quot;}\">\n\t\t\t\t\t\t<div class=\"elementor-container elementor-column-gap-default\">\n\t\t\t\t\t<div class=\"elementor-column elementor-col-100 elementor-inner-column elementor-element elementor-element-aa37b86\" data-id=\"aa37b86\" data-element_type=\"column\">\n\t\t\t<div class=\"elementor-widget-wrap elementor-element-populated\">\n\t\t\t\t\t\t\t\t<div class=\"elementor-element elementor-element-ab5fc9c elementor-widget elementor-widget-hub_fancy_heading\" data-id=\"ab5fc9c\" data-element_type=\"widget\" data-widget_type=\"hub_fancy_heading.default\">\n\t\t\t\t<div class=\"elementor-widget-container\">\n\t\t\t\n\t\t<div id=\"ld-fancy-heading-69d9c4dbee004\" class=\"ld-fancy-heading pos-rel\">\n\t\t\t<h6 class=\"ld-fh-element d-inline-block pos-rel  elementor-heading-title lqd-highlight-classic lqd-highlight-grow-left h6\"  > MEMBER OF THE BOARD AND PARTNER  <br>  PANHARD INTERNATIONAL<\/h6>\t\t<\/div>\n\n\t\t\t\t<\/div>\n\t\t\t\t<\/div>\n\t\t\t\t<div class=\"elementor-element elementor-element-b83fdc5 elementor-widget elementor-widget-hub_fancy_heading\" data-id=\"b83fdc5\" data-element_type=\"widget\" data-widget_type=\"hub_fancy_heading.default\">\n\t\t\t\t<div class=\"elementor-widget-container\">\n\t\t\t\n\t\t<div id=\"ld-fancy-heading-69d9c4dbee5ca\" class=\"ld-fancy-heading pos-rel\">\n\t\t\t<h2 class=\"ld-fh-element d-inline-block pos-rel  elementor-heading-title lqd-highlight-classic lqd-highlight-grow-left h2\"  > Stephane Chauvel  <\/h2>\t\t<\/div>\n\n\t\t\t\t<\/div>\n\t\t\t\t<\/div>\n\t\t\t\t<div class=\"elementor-element elementor-element-0818604 elementor-widget elementor-widget-hub_fancy_heading\" data-id=\"0818604\" data-element_type=\"widget\" data-widget_type=\"hub_fancy_heading.default\">\n\t\t\t\t<div class=\"elementor-widget-container\">\n\t\t\t\n\t\t<div id=\"ld-fancy-heading-69d9c4dbeeb2f\" class=\"ld-fancy-heading pos-rel\">\n\t\t\t<p class=\"ld-fh-element d-inline-block pos-rel  lqd-highlight-classic lqd-highlight-grow-left p\"  > Graduated with a degree in Economics and Finance and a Master in Corporate Finance from Wayne State University.<br>\nWith over 30 years of experience in the real estate sector, mainly in Europe and in Asia, he has extensive professional experience.\n<\/p>\t\t<\/div>\n\n\t\t\t\t<\/div>\n\t\t\t\t<\/div>\n\t\t\t\t\t<\/div>\n\t\t<\/div>\n\t\t\t\t\t\t\t<\/div>\n\t\t<\/section>\n\t\t\t\t\t<\/div>\n\t\t<\/div>\n\t\t\t\t\t\t\t<\/div>\n\t\t<\/section>\n\t\t\t\t\t\t\t<\/div>\n\t\t","protected":false},"excerpt":{"rendered":"<p>Back career path: While heading the Real Estate area at UBS Bank, he established a team that managed assets worth approximately 2.5bn CHF. He was also responsible for the Real Estate area at Credit Suisse, where he was involved in numerous business initiatives including Asset Acquisition, Mortgage Origination and Fundraising. At Soci\u00e9t\u00e9 G\u00e9n\u00e9rale, where he [&hellip;]<\/p>\n","protected":false},"author":1,"featured_media":0,"parent":0,"menu_order":0,"comment_status":"closed","ping_status":"closed","template":"","meta":{"footnotes":""},"class_list":["post-11077","page","type-page","status-publish","hentry"],"yoast_head":"<!-- This site is optimized with the Yoast SEO plugin v27.1.1 - https:\/\/yoast.com\/product\/yoast-seo-wordpress\/ -->\n<title>Our Team - Stephane Chauvel - ALMA Development<\/title>\n<meta name=\"robots\" content=\"index, follow, max-snippet:-1, max-image-preview:large, max-video-preview:-1\" \/>\n<link rel=\"canonical\" href=\"https:\/\/almadevelopment.pt\/en\/our-team-stephane-chauvel\/\" \/>\n<meta property=\"og:locale\" content=\"en_US\" \/>\n<meta property=\"og:type\" content=\"article\" \/>\n<meta property=\"og:title\" content=\"Our Team - Stephane Chauvel - ALMA Development\" \/>\n<meta property=\"og:description\" content=\"Back career path: While heading the Real Estate area at UBS Bank, he established a team that managed assets worth approximately 2.5bn CHF. He was also responsible for the Real Estate area at Credit Suisse, where he was involved in numerous business initiatives including Asset Acquisition, Mortgage Origination and Fundraising. At Soci\u00e9t\u00e9 G\u00e9n\u00e9rale, where he [&hellip;]\" \/>\n<meta property=\"og:url\" content=\"https:\/\/almadevelopment.pt\/en\/our-team-stephane-chauvel\/\" \/>\n<meta property=\"og:site_name\" content=\"ALMA Development\" \/>\n<meta property=\"article:publisher\" content=\"https:\/\/www.facebook.com\/profile.php?id=100092714824982\" \/>\n<meta property=\"article:modified_time\" content=\"2024-01-16T17:36:32+00:00\" \/>\n<meta property=\"og:image\" content=\"https:\/\/almadevelopment.pt\/wp-content\/uploads\/2023\/10\/Stephane-Chauvel-Board-and-Partner-ALMA-Development-640x750-1.jpg\" \/>\n<meta name=\"twitter:card\" content=\"summary_large_image\" \/>\n<script type=\"application\/ld+json\" class=\"yoast-schema-graph\">{\"@context\":\"https:\/\/schema.org\",\"@graph\":[{\"@type\":\"WebPage\",\"@id\":\"https:\/\/almadevelopment.pt\/en\/our-team-stephane-chauvel\/\",\"url\":\"https:\/\/almadevelopment.pt\/en\/our-team-stephane-chauvel\/\",\"name\":\"Our Team - Stephane Chauvel - ALMA Development\",\"isPartOf\":{\"@id\":\"https:\/\/almadevelopment.pt\/en\/#website\"},\"primaryImageOfPage\":{\"@id\":\"https:\/\/almadevelopment.pt\/en\/our-team-stephane-chauvel\/#primaryimage\"},\"image\":{\"@id\":\"https:\/\/almadevelopment.pt\/en\/our-team-stephane-chauvel\/#primaryimage\"},\"thumbnailUrl\":\"https:\/\/almadevelopment.pt\/wp-content\/uploads\/2023\/10\/Stephane-Chauvel-Board-and-Partner-ALMA-Development-640x750-1.jpg\",\"datePublished\":\"2023-10-15T22:54:09+00:00\",\"dateModified\":\"2024-01-16T17:36:32+00:00\",\"breadcrumb\":{\"@id\":\"https:\/\/almadevelopment.pt\/en\/our-team-stephane-chauvel\/#breadcrumb\"},\"inLanguage\":\"en-US\",\"potentialAction\":[{\"@type\":\"ReadAction\",\"target\":[\"https:\/\/almadevelopment.pt\/en\/our-team-stephane-chauvel\/\"]}]},{\"@type\":\"ImageObject\",\"inLanguage\":\"en-US\",\"@id\":\"https:\/\/almadevelopment.pt\/en\/our-team-stephane-chauvel\/#primaryimage\",\"url\":\"https:\/\/almadevelopment.pt\/wp-content\/uploads\/2023\/10\/Stephane-Chauvel-Board-and-Partner-ALMA-Development-640x750-1.jpg\",\"contentUrl\":\"https:\/\/almadevelopment.pt\/wp-content\/uploads\/2023\/10\/Stephane-Chauvel-Board-and-Partner-ALMA-Development-640x750-1.jpg\"},{\"@type\":\"BreadcrumbList\",\"@id\":\"https:\/\/almadevelopment.pt\/en\/our-team-stephane-chauvel\/#breadcrumb\",\"itemListElement\":[{\"@type\":\"ListItem\",\"position\":1,\"name\":\"Home\",\"item\":\"https:\/\/almadevelopment.pt\/en\/\"},{\"@type\":\"ListItem\",\"position\":2,\"name\":\"Our Team &#8211; Stephane Chauvel\"}]},{\"@type\":\"WebSite\",\"@id\":\"https:\/\/almadevelopment.pt\/en\/#website\",\"url\":\"https:\/\/almadevelopment.pt\/en\/\",\"name\":\"ALMA Development\",\"description\":\"Real State of Mind\",\"publisher\":{\"@id\":\"https:\/\/almadevelopment.pt\/en\/#organization\"},\"potentialAction\":[{\"@type\":\"SearchAction\",\"target\":{\"@type\":\"EntryPoint\",\"urlTemplate\":\"https:\/\/almadevelopment.pt\/en\/?s={search_term_string}\"},\"query-input\":{\"@type\":\"PropertyValueSpecification\",\"valueRequired\":true,\"valueName\":\"search_term_string\"}}],\"inLanguage\":\"en-US\"},{\"@type\":\"Organization\",\"@id\":\"https:\/\/almadevelopment.pt\/en\/#organization\",\"name\":\"ALMA Development\",\"alternateName\":\"ALMA\",\"url\":\"https:\/\/almadevelopment.pt\/en\/\",\"logo\":{\"@type\":\"ImageObject\",\"inLanguage\":\"en-US\",\"@id\":\"https:\/\/almadevelopment.pt\/en\/#\/schema\/logo\/image\/\",\"url\":\"https:\/\/almadevelopment.pt\/wp-content\/uploads\/2022\/03\/Logo-ALMA-azul-150-na\u0303o-responsive-04.svg\",\"contentUrl\":\"https:\/\/almadevelopment.pt\/wp-content\/uploads\/2022\/03\/Logo-ALMA-azul-150-na\u0303o-responsive-04.svg\",\"width\":150,\"height\":75,\"caption\":\"ALMA Development\"},\"image\":{\"@id\":\"https:\/\/almadevelopment.pt\/en\/#\/schema\/logo\/image\/\"},\"sameAs\":[\"https:\/\/www.facebook.com\/profile.php?id=100092714824982\",\"https:\/\/www.linkedin.com\/company\/alma-development-panhard-international\",\"https:\/\/www.instagram.com\/alma.development\/\"]}]}<\/script>\n<!-- \/ Yoast SEO plugin. -->","yoast_head_json":{"title":"Our Team - Stephane Chauvel - ALMA Development","robots":{"index":"index","follow":"follow","max-snippet":"max-snippet:-1","max-image-preview":"max-image-preview:large","max-video-preview":"max-video-preview:-1"},"canonical":"https:\/\/almadevelopment.pt\/en\/our-team-stephane-chauvel\/","og_locale":"en_US","og_type":"article","og_title":"Our Team - Stephane Chauvel - ALMA Development","og_description":"Back career path: While heading the Real Estate area at UBS Bank, he established a team that managed assets worth approximately 2.5bn CHF. He was also responsible for the Real Estate area at Credit Suisse, where he was involved in numerous business initiatives including Asset Acquisition, Mortgage Origination and Fundraising. At Soci\u00e9t\u00e9 G\u00e9n\u00e9rale, where he [&hellip;]","og_url":"https:\/\/almadevelopment.pt\/en\/our-team-stephane-chauvel\/","og_site_name":"ALMA Development","article_publisher":"https:\/\/www.facebook.com\/profile.php?id=100092714824982","article_modified_time":"2024-01-16T17:36:32+00:00","og_image":[{"url":"https:\/\/almadevelopment.pt\/wp-content\/uploads\/2023\/10\/Stephane-Chauvel-Board-and-Partner-ALMA-Development-640x750-1.jpg","type":"","width":"","height":""}],"twitter_card":"summary_large_image","schema":{"@context":"https:\/\/schema.org","@graph":[{"@type":"WebPage","@id":"https:\/\/almadevelopment.pt\/en\/our-team-stephane-chauvel\/","url":"https:\/\/almadevelopment.pt\/en\/our-team-stephane-chauvel\/","name":"Our Team - Stephane Chauvel - ALMA Development","isPartOf":{"@id":"https:\/\/almadevelopment.pt\/en\/#website"},"primaryImageOfPage":{"@id":"https:\/\/almadevelopment.pt\/en\/our-team-stephane-chauvel\/#primaryimage"},"image":{"@id":"https:\/\/almadevelopment.pt\/en\/our-team-stephane-chauvel\/#primaryimage"},"thumbnailUrl":"https:\/\/almadevelopment.pt\/wp-content\/uploads\/2023\/10\/Stephane-Chauvel-Board-and-Partner-ALMA-Development-640x750-1.jpg","datePublished":"2023-10-15T22:54:09+00:00","dateModified":"2024-01-16T17:36:32+00:00","breadcrumb":{"@id":"https:\/\/almadevelopment.pt\/en\/our-team-stephane-chauvel\/#breadcrumb"},"inLanguage":"en-US","potentialAction":[{"@type":"ReadAction","target":["https:\/\/almadevelopment.pt\/en\/our-team-stephane-chauvel\/"]}]},{"@type":"ImageObject","inLanguage":"en-US","@id":"https:\/\/almadevelopment.pt\/en\/our-team-stephane-chauvel\/#primaryimage","url":"https:\/\/almadevelopment.pt\/wp-content\/uploads\/2023\/10\/Stephane-Chauvel-Board-and-Partner-ALMA-Development-640x750-1.jpg","contentUrl":"https:\/\/almadevelopment.pt\/wp-content\/uploads\/2023\/10\/Stephane-Chauvel-Board-and-Partner-ALMA-Development-640x750-1.jpg"},{"@type":"BreadcrumbList","@id":"https:\/\/almadevelopment.pt\/en\/our-team-stephane-chauvel\/#breadcrumb","itemListElement":[{"@type":"ListItem","position":1,"name":"Home","item":"https:\/\/almadevelopment.pt\/en\/"},{"@type":"ListItem","position":2,"name":"Our Team &#8211; Stephane Chauvel"}]},{"@type":"WebSite","@id":"https:\/\/almadevelopment.pt\/en\/#website","url":"https:\/\/almadevelopment.pt\/en\/","name":"ALMA Development","description":"Real State of Mind","publisher":{"@id":"https:\/\/almadevelopment.pt\/en\/#organization"},"potentialAction":[{"@type":"SearchAction","target":{"@type":"EntryPoint","urlTemplate":"https:\/\/almadevelopment.pt\/en\/?s={search_term_string}"},"query-input":{"@type":"PropertyValueSpecification","valueRequired":true,"valueName":"search_term_string"}}],"inLanguage":"en-US"},{"@type":"Organization","@id":"https:\/\/almadevelopment.pt\/en\/#organization","name":"ALMA Development","alternateName":"ALMA","url":"https:\/\/almadevelopment.pt\/en\/","logo":{"@type":"ImageObject","inLanguage":"en-US","@id":"https:\/\/almadevelopment.pt\/en\/#\/schema\/logo\/image\/","url":"https:\/\/almadevelopment.pt\/wp-content\/uploads\/2022\/03\/Logo-ALMA-azul-150-na\u0303o-responsive-04.svg","contentUrl":"https:\/\/almadevelopment.pt\/wp-content\/uploads\/2022\/03\/Logo-ALMA-azul-150-na\u0303o-responsive-04.svg","width":150,"height":75,"caption":"ALMA Development"},"image":{"@id":"https:\/\/almadevelopment.pt\/en\/#\/schema\/logo\/image\/"},"sameAs":["https:\/\/www.facebook.com\/profile.php?id=100092714824982","https:\/\/www.linkedin.com\/company\/alma-development-panhard-international","https:\/\/www.instagram.com\/alma.development\/"]}]}},"_links":{"self":[{"href":"https:\/\/almadevelopment.pt\/en\/wp-json\/wp\/v2\/pages\/11077","targetHints":{"allow":["GET"]}}],"collection":[{"href":"https:\/\/almadevelopment.pt\/en\/wp-json\/wp\/v2\/pages"}],"about":[{"href":"https:\/\/almadevelopment.pt\/en\/wp-json\/wp\/v2\/types\/page"}],"author":[{"embeddable":true,"href":"https:\/\/almadevelopment.pt\/en\/wp-json\/wp\/v2\/users\/1"}],"replies":[{"embeddable":true,"href":"https:\/\/almadevelopment.pt\/en\/wp-json\/wp\/v2\/comments?post=11077"}],"version-history":[{"count":17,"href":"https:\/\/almadevelopment.pt\/en\/wp-json\/wp\/v2\/pages\/11077\/revisions"}],"predecessor-version":[{"id":12131,"href":"https:\/\/almadevelopment.pt\/en\/wp-json\/wp\/v2\/pages\/11077\/revisions\/12131"}],"wp:attachment":[{"href":"https:\/\/almadevelopment.pt\/en\/wp-json\/wp\/v2\/media?parent=11077"}],"curies":[{"name":"wp","href":"https:\/\/api.w.org\/{rel}","templated":true}]}}