{"id":4253,"date":"2024-02-05T12:34:29","date_gmt":"2024-02-05T12:34:29","guid":{"rendered":"https:\/\/almadevelopment.pt\/essence-porto\/?page_id=4253"},"modified":"2024-02-05T12:45:04","modified_gmt":"2024-02-05T12:45:04","slug":"termos-e-condicoes","status":"publish","type":"page","link":"https:\/\/almadevelopment.pt\/essence-porto\/termos-e-condicoes\/","title":{"rendered":"Termos e condi\u00e7\u00f5es"},"content":{"rendered":"\t\t<div data-elementor-type=\"wp-page\" data-elementor-id=\"4253\" class=\"elementor elementor-4253\" data-elementor-post-type=\"page\">\n\t\t\t\t\t\t<div class=\"elementor-inner\">\n\t\t\t\t<div class=\"elementor-section-wrap\">\n\t\t\t\t\t\t\t\t\t<section class=\"elementor-section elementor-top-section elementor-element elementor-element-68fd928 elementor-section-height-min-height elementor-section-boxed elementor-section-height-default elementor-section-items-middle\" data-id=\"68fd928\" data-element_type=\"section\" data-settings=\"{&quot;background_background&quot;:&quot;classic&quot;}\">\n\t\t\t\t\t\t<div class=\"elementor-container elementor-column-gap-default\">\n\t\t\t\t\t\t\t<div class=\"elementor-row\">\n\t\t\t\t\t<div class=\"elementor-column elementor-col-100 elementor-top-column elementor-element elementor-element-850570f\" data-id=\"850570f\" data-element_type=\"column\">\n\t\t\t<div class=\"elementor-column-wrap elementor-element-populated\">\n\t\t\t\t\t\t\t<div class=\"elementor-widget-wrap\">\n\t\t\t\t\t\t<div class=\"elementor-element elementor-element-db1ee14 elementor-invisible elementor-widget elementor-widget-heading\" data-id=\"db1ee14\" data-element_type=\"widget\" data-settings=\"{&quot;_animation&quot;:&quot;fadeInDown&quot;,&quot;_animation_delay&quot;:100}\" data-widget_type=\"heading.default\">\n\t\t\t\t<div class=\"elementor-widget-container\">\n\t\t\t<style>\/*! elementor - v3.18.0 - 20-12-2023 *\/\n.elementor-heading-title{padding:0;margin:0;line-height:1}.elementor-widget-heading .elementor-heading-title[class*=elementor-size-]>a{color:inherit;font-size:inherit;line-height:inherit}.elementor-widget-heading .elementor-heading-title.elementor-size-small{font-size:15px}.elementor-widget-heading .elementor-heading-title.elementor-size-medium{font-size:19px}.elementor-widget-heading .elementor-heading-title.elementor-size-large{font-size:29px}.elementor-widget-heading .elementor-heading-title.elementor-size-xl{font-size:39px}.elementor-widget-heading .elementor-heading-title.elementor-size-xxl{font-size:59px}<\/style><h2 class=\"elementor-heading-title elementor-size-default\">TERMOS E CONDI\u00c7\u00d5ES<\/h2>\t\t<\/div>\n\t\t\t\t<\/div>\n\t\t\t\t\t\t<\/div>\n\t\t\t\t\t<\/div>\n\t\t<\/div>\n\t\t\t\t\t\t\t\t<\/div>\n\t\t\t\t\t<\/div>\n\t\t<\/section>\n\t\t\t\t<section class=\"elementor-section elementor-top-section elementor-element elementor-element-7cc2d57 elementor-section-boxed elementor-section-height-default elementor-section-height-default\" data-id=\"7cc2d57\" data-element_type=\"section\">\n\t\t\t\t\t\t<div class=\"elementor-container elementor-column-gap-default\">\n\t\t\t\t\t\t\t<div class=\"elementor-row\">\n\t\t\t\t\t<div class=\"elementor-column elementor-col-100 elementor-top-column elementor-element elementor-element-4f910fc\" data-id=\"4f910fc\" data-element_type=\"column\">\n\t\t\t<div class=\"elementor-column-wrap elementor-element-populated\">\n\t\t\t\t\t\t\t<div class=\"elementor-widget-wrap\">\n\t\t\t\t\t\t<div class=\"elementor-element elementor-element-08cd62f elementor-widget elementor-widget-spacer\" data-id=\"08cd62f\" data-element_type=\"widget\" data-widget_type=\"spacer.default\">\n\t\t\t\t<div class=\"elementor-widget-container\">\n\t\t\t<style>\/*! elementor - v3.18.0 - 20-12-2023 *\/\n.elementor-column .elementor-spacer-inner{height:var(--spacer-size)}.e-con{--container-widget-width:100%}.e-con-inner>.elementor-widget-spacer,.e-con>.elementor-widget-spacer{width:var(--container-widget-width,var(--spacer-size));--align-self:var(--container-widget-align-self,initial);--flex-shrink:0}.e-con-inner>.elementor-widget-spacer>.elementor-widget-container,.e-con>.elementor-widget-spacer>.elementor-widget-container{height:100%;width:100%}.e-con-inner>.elementor-widget-spacer>.elementor-widget-container>.elementor-spacer,.e-con>.elementor-widget-spacer>.elementor-widget-container>.elementor-spacer{height:100%}.e-con-inner>.elementor-widget-spacer>.elementor-widget-container>.elementor-spacer>.elementor-spacer-inner,.e-con>.elementor-widget-spacer>.elementor-widget-container>.elementor-spacer>.elementor-spacer-inner{height:var(--container-widget-height,var(--spacer-size))}.e-con-inner>.elementor-widget-spacer.elementor-widget-empty,.e-con>.elementor-widget-spacer.elementor-widget-empty{position:relative;min-height:22px;min-width:22px}.e-con-inner>.elementor-widget-spacer.elementor-widget-empty .elementor-widget-empty-icon,.e-con>.elementor-widget-spacer.elementor-widget-empty .elementor-widget-empty-icon{position:absolute;top:0;bottom:0;left:0;right:0;margin:auto;padding:0;width:22px;height:22px}<\/style>\t\t<div class=\"elementor-spacer\">\n\t\t\t<div class=\"elementor-spacer-inner\"><\/div>\n\t\t<\/div>\n\t\t\t\t<\/div>\n\t\t\t\t<\/div>\n\t\t\t\t<div class=\"elementor-element elementor-element-dc38207 elementor-widget elementor-widget-text-editor\" data-id=\"dc38207\" data-element_type=\"widget\" data-widget_type=\"text-editor.default\">\n\t\t\t\t<div class=\"elementor-widget-container\">\n\t\t\t<style>\/*! elementor - v3.18.0 - 20-12-2023 *\/\n.elementor-widget-text-editor.elementor-drop-cap-view-stacked .elementor-drop-cap{background-color:#69727d;color:#fff}.elementor-widget-text-editor.elementor-drop-cap-view-framed .elementor-drop-cap{color:#69727d;border:3px solid;background-color:transparent}.elementor-widget-text-editor:not(.elementor-drop-cap-view-default) .elementor-drop-cap{margin-top:8px}.elementor-widget-text-editor:not(.elementor-drop-cap-view-default) .elementor-drop-cap-letter{width:1em;height:1em}.elementor-widget-text-editor .elementor-drop-cap{float:left;text-align:center;line-height:1;font-size:50px}.elementor-widget-text-editor .elementor-drop-cap-letter{display:inline-block}<\/style>\t\t\t\t\t<div class=\"elementor-text-editor elementor-clearfix\">\n\t\t\t\t<p>\u00a0<\/p>\n<p><em>data \u00faltima atualiza\u00e7\u00e3o: 21 de Outubro de 2023.<\/em><\/p>\n<p>\u00a0<\/p>\n<p>\u00a0<\/p>\n<p>O Utilizador fica informado de que o Website https:\/\/almadevelopment.pt\/essence-porto (o \u201cWebsite\u201d) \u00e9 gerido pela empresa PANARCOLE Lda.<\/p>\n<p>\u00a0<\/p>\n<p>\u00a0<\/p>\n<p>Este site \u00e9 meramente informativo e o seu conte\u00fado \u00e9 disponibilizado com o objectivo de divulgar e promover a atividade e servi\u00e7os da PANARCOLE Lda (adiante \u201cPANARCOLE\u201d), sendo que n\u00e3o constitui a presta\u00e7\u00e3o de quaisquer servi\u00e7os ou a angaria\u00e7\u00e3o direta de quaisquer Clientes.<\/p>\n<p>\u00a0<\/p>\n<p>\u00a0<\/p>\n<p>A PANARCOLE autoriza o descarregamento e armazenamento tempor\u00e1rio do conte\u00fado deste Website para efeitos de visionamento do mesmo num dispositivo pessoal. A reprodu\u00e7\u00e3o, armazenamento permanente ou retransmiss\u00e3o do conte\u00fado deste Website s\u00e3o expressamente proibidos sem a autoriza\u00e7\u00e3o pr\u00e9via da PANARCOLE. A PANARCOLE exclui a sua responsabilidade por quaisquer danos que poder\u00e3o ocorrer relacionados com a informa\u00e7\u00e3o contida neste site e o uso que lhe possa ser dado pelos seus Utilizadores.<\/p>\n<p>\u00a0<\/p>\n<p>\u00a0<\/p>\n<p>A utiliza\u00e7\u00e3o do nosso Website est\u00e1 dependente do facto do computador e\/ou dispositivo port\u00e1til dos utilizadores cumprirem as nossas especifica\u00e7\u00f5es t\u00e9cnicas m\u00ednimas e o aviso de compatibilidade. Recomenda-se que o Utilizador verifique estas especifica\u00e7\u00f5es para garantir que o seu computador e\/ou dispositivo port\u00e1til \u00e9 compat\u00edvel com os nossos produtos e servi\u00e7os e n\u00e3o seremos respons\u00e1veis por qualquer falha que surja no Website que resulte de qualquer incompatibilidade.<\/p>\n<p>\u00a0<\/p>\n<p>\u00a0<\/p>\n<p>O Utilizador concorda em n\u00e3o utilizar o Website para fins fraudulentos e n\u00e3o praticar qualquer conduta que possa prejudicar a imagem, os interesses e os direitos da PANARCOLE nem de terceiros. O Utilizador tamb\u00e9m concorda em n\u00e3o praticar qualquer ato que cause danos, desative ou sobrecarregue o Website, ou que possa prejudicar, de alguma forma, a utiliza\u00e7\u00e3o normal e a opera\u00e7\u00e3o do mesmo. O Utilizador fica informado de que no caso de viola\u00e7\u00e3o das disposi\u00e7\u00f5es dos presentes Termos e Condi\u00e7\u00f5es, da Pol\u00edtica de Privacidade ou da Pol\u00edtica de Cookies, reservamo-nos o direito a limitar, suspender ou fazer cessar o acesso do Utilizador do Website, tomando todas as medidas t\u00e9cnicas para o efeito.<\/p>\n<p>\u00a0<\/p>\n<p>\u00a0<\/p>\n<p>Todos os direitos relativos a este Website, incluindo o teor dos respetivos conte\u00fados, independentemente do seu formato, a marca PANARCOLE e os sinais distintivos associados \u00e0 mesma, s\u00e3o da titularidade exclusiva da PANARCOLE.<\/p>\n<p>\u00a0<\/p>\n<p>\u00a0<\/p>\n<p>Ao utilizar este Website concorda com os \u201cTermos de Utiliza\u00e7\u00e3o\u201d aqui publicados.<\/p>\n<p>\u00a0<\/p>\n<p>\u00a0<\/p>\n<p>Estes \u201cTermos de Utiliza\u00e7\u00e3o\u201d podem ser atualizados periodicamente sem qualquer aviso pr\u00e9vio, seja por altera\u00e7\u00f5es promovidas ao Website, designadamente ao seu conte\u00fado e funcionalidades, seja por imperativo legal, seja ainda por decis\u00e3o n\u00e3o vinculada da PANARCOLE. A data da \u00faltima atualiza\u00e7\u00e3o ser\u00e1 sempre divulgada no topo desta p\u00e1gina.<\/p>\n<p>\u00a0<\/p>\t\t\t\t\t<\/div>\n\t\t\t\t\t\t<\/div>\n\t\t\t\t<\/div>\n\t\t\t\t<div class=\"elementor-element elementor-element-9dc5fcb elementor-widget elementor-widget-spacer\" data-id=\"9dc5fcb\" data-element_type=\"widget\" data-widget_type=\"spacer.default\">\n\t\t\t\t<div class=\"elementor-widget-container\">\n\t\t\t\t\t<div class=\"elementor-spacer\">\n\t\t\t<div class=\"elementor-spacer-inner\"><\/div>\n\t\t<\/div>\n\t\t\t\t<\/div>\n\t\t\t\t<\/div>\n\t\t\t\t\t\t<\/div>\n\t\t\t\t\t<\/div>\n\t\t<\/div>\n\t\t\t\t\t\t\t\t<\/div>\n\t\t\t\t\t<\/div>\n\t\t<\/section>\n\t\t\t\t\t\t\t\t\t<\/div>\n\t\t\t<\/div>\n\t\t\t\t\t<\/div>\n\t\t","protected":false},"excerpt":{"rendered":"<p>TERMOS E CONDI\u00c7\u00d5ES \u00a0 data \u00faltima atualiza\u00e7\u00e3o: 21 de Outubro de 2023. \u00a0 \u00a0 O Utilizador fica informado de que o Website https:\/\/almadevelopment.pt\/essence-porto (o \u201cWebsite\u201d) \u00e9 gerido pela empresa PANARCOLE Lda. \u00a0 \u00a0 Este site \u00e9 meramente informativo e o seu conte\u00fado \u00e9 disponibilizado com o objectivo de divulgar e promover a atividade e servi\u00e7os [&hellip;]<\/p>\n","protected":false},"author":1,"featured_media":0,"parent":0,"menu_order":0,"comment_status":"closed","ping_status":"closed","template":"elementor_header_footer","meta":{"site-sidebar-layout":"no-sidebar","site-content-layout":"page-builder","ast-site-content-layout":"full-width-container","site-content-style":"unboxed","site-sidebar-style":"unboxed","ast-global-header-display":"","ast-banner-title-visibility":"","ast-main-header-display":"","ast-hfb-above-header-display":"","ast-hfb-below-header-display":"","ast-hfb-mobile-header-display":"","site-post-title":"disabled","ast-breadcrumbs-content":"","ast-featured-img":"disabled","footer-sml-layout":"","theme-transparent-header-meta":"","adv-header-id-meta":"","stick-header-meta":"","header-above-stick-meta":"","header-main-stick-meta":"","header-below-stick-meta":"","astra-migrate-meta-layouts":"set","ast-page-background-enabled":"default","ast-page-background-meta":{"desktop":{"background-color":"var(--ast-global-color-4)","background-image":"","background-repeat":"repeat","background-position":"center center","background-size":"auto","background-attachment":"scroll","background-type":"","background-media":"","overlay-type":"","overlay-color":"","overlay-gradient":""},"tablet":{"background-color":"","background-image":"","background-repeat":"repeat","background-position":"center center","background-size":"auto","background-attachment":"scroll","background-type":"","background-media":"","overlay-type":"","overlay-color":"","overlay-gradient":""},"mobile":{"background-color":"","background-image":"","background-repeat":"repeat","background-position":"center center","background-size":"auto","background-attachment":"scroll","background-type":"","background-media":"","overlay-type":"","overlay-color":"","overlay-gradient":""}},"ast-content-background-meta":{"desktop":{"background-color":"var(--ast-global-color-5)","background-image":"","background-repeat":"repeat","background-position":"center center","background-size":"auto","background-attachment":"scroll","background-type":"","background-media":"","overlay-type":"","overlay-color":"","overlay-gradient":""},"tablet":{"background-color":"var(--ast-global-color-5)","background-image":"","background-repeat":"repeat","background-position":"center center","background-size":"auto","background-attachment":"scroll","background-type":"","background-media":"","overlay-type":"","overlay-color":"","overlay-gradient":""},"mobile":{"background-color":"var(--ast-global-color-5)","background-image":"","background-repeat":"repeat","background-position":"center center","background-size":"auto","background-attachment":"scroll","background-type":"","background-media":"","overlay-type":"","overlay-color":"","overlay-gradient":""}},"footnotes":""},"class_list":["post-4253","page","type-page","status-publish","hentry"],"yoast_head":"<!-- This site is optimized with the Yoast SEO plugin v27.1.1 - https:\/\/yoast.com\/product\/yoast-seo-wordpress\/ -->\n<title>Termos e condi\u00e7\u00f5es - Essence<\/title>\n<meta name=\"robots\" content=\"index, follow, max-snippet:-1, max-image-preview:large, max-video-preview:-1\" \/>\n<link rel=\"canonical\" href=\"https:\/\/almadevelopment.pt\/essence-porto\/termos-e-condicoes\/\" \/>\n<meta property=\"og:locale\" content=\"pt_PT\" \/>\n<meta property=\"og:type\" content=\"article\" \/>\n<meta property=\"og:title\" content=\"Termos e condi\u00e7\u00f5es - Essence\" \/>\n<meta property=\"og:description\" content=\"TERMOS E CONDI\u00c7\u00d5ES \u00a0 data \u00faltima atualiza\u00e7\u00e3o: 21 de Outubro de 2023. \u00a0 \u00a0 O Utilizador fica informado de que o Website https:\/\/almadevelopment.pt\/essence-porto (o \u201cWebsite\u201d) \u00e9 gerido pela empresa PANARCOLE Lda. \u00a0 \u00a0 Este site \u00e9 meramente informativo e o seu conte\u00fado \u00e9 disponibilizado com o objectivo de divulgar e promover a atividade e servi\u00e7os [&hellip;]\" \/>\n<meta property=\"og:url\" content=\"https:\/\/almadevelopment.pt\/essence-porto\/termos-e-condicoes\/\" \/>\n<meta property=\"og:site_name\" content=\"Essence\" \/>\n<meta property=\"article:publisher\" content=\"https:\/\/www.facebook.com\/alma.development.panhard\" \/>\n<meta property=\"article:modified_time\" content=\"2024-02-05T12:45:04+00:00\" \/>\n<meta name=\"twitter:card\" content=\"summary_large_image\" \/>\n<meta name=\"twitter:label1\" content=\"Tempo estimado de leitura\" \/>\n\t<meta name=\"twitter:data1\" content=\"3 minutos\" \/>\n<script type=\"application\/ld+json\" class=\"yoast-schema-graph\">{\"@context\":\"https:\/\/schema.org\",\"@graph\":[{\"@type\":\"WebPage\",\"@id\":\"https:\/\/almadevelopment.pt\/essence-porto\/termos-e-condicoes\/\",\"url\":\"https:\/\/almadevelopment.pt\/essence-porto\/termos-e-condicoes\/\",\"name\":\"Termos e condi\u00e7\u00f5es - Essence\",\"isPartOf\":{\"@id\":\"https:\/\/almadevelopment.pt\/essence-porto\/#website\"},\"datePublished\":\"2024-02-05T12:34:29+00:00\",\"dateModified\":\"2024-02-05T12:45:04+00:00\",\"breadcrumb\":{\"@id\":\"https:\/\/almadevelopment.pt\/essence-porto\/termos-e-condicoes\/#breadcrumb\"},\"inLanguage\":\"pt-PT\",\"potentialAction\":[{\"@type\":\"ReadAction\",\"target\":[\"https:\/\/almadevelopment.pt\/essence-porto\/termos-e-condicoes\/\"]}]},{\"@type\":\"BreadcrumbList\",\"@id\":\"https:\/\/almadevelopment.pt\/essence-porto\/termos-e-condicoes\/#breadcrumb\",\"itemListElement\":[{\"@type\":\"ListItem\",\"position\":1,\"name\":\"Home\",\"item\":\"https:\/\/almadevelopment.pt\/essence-porto\/\"},{\"@type\":\"ListItem\",\"position\":2,\"name\":\"Termos e condi\u00e7\u00f5es\"}]},{\"@type\":\"WebSite\",\"@id\":\"https:\/\/almadevelopment.pt\/essence-porto\/#website\",\"url\":\"https:\/\/almadevelopment.pt\/essence-porto\/\",\"name\":\"Essence\",\"description\":\"New Tradition\",\"publisher\":{\"@id\":\"https:\/\/almadevelopment.pt\/essence-porto\/#organization\"},\"potentialAction\":[{\"@type\":\"SearchAction\",\"target\":{\"@type\":\"EntryPoint\",\"urlTemplate\":\"https:\/\/almadevelopment.pt\/essence-porto\/?s={search_term_string}\"},\"query-input\":{\"@type\":\"PropertyValueSpecification\",\"valueRequired\":true,\"valueName\":\"search_term_string\"}}],\"inLanguage\":\"pt-PT\"},{\"@type\":\"Organization\",\"@id\":\"https:\/\/almadevelopment.pt\/essence-porto\/#organization\",\"name\":\"Essence\",\"url\":\"https:\/\/almadevelopment.pt\/essence-porto\/\",\"logo\":{\"@type\":\"ImageObject\",\"inLanguage\":\"pt-PT\",\"@id\":\"https:\/\/almadevelopment.pt\/essence-porto\/#\/schema\/logo\/image\/\",\"url\":\"https:\/\/almadevelopment.pt\/essence-porto\/wp-content\/uploads\/sites\/2\/2022\/12\/essence-logo.svg\",\"contentUrl\":\"https:\/\/almadevelopment.pt\/essence-porto\/wp-content\/uploads\/sites\/2\/2022\/12\/essence-logo.svg\",\"width\":226,\"height\":114,\"caption\":\"Essence\"},\"image\":{\"@id\":\"https:\/\/almadevelopment.pt\/essence-porto\/#\/schema\/logo\/image\/\"},\"sameAs\":[\"https:\/\/www.facebook.com\/alma.development.panhard\",\"https:\/\/www.instagram.com\/alma.development\/\",\"https:\/\/www.linkedin.com\/company\/alma-development-panhard-international\/\"]}]}<\/script>\n<!-- \/ Yoast SEO plugin. -->","yoast_head_json":{"title":"Termos e condi\u00e7\u00f5es - Essence","robots":{"index":"index","follow":"follow","max-snippet":"max-snippet:-1","max-image-preview":"max-image-preview:large","max-video-preview":"max-video-preview:-1"},"canonical":"https:\/\/almadevelopment.pt\/essence-porto\/termos-e-condicoes\/","og_locale":"pt_PT","og_type":"article","og_title":"Termos e condi\u00e7\u00f5es - Essence","og_description":"TERMOS E CONDI\u00c7\u00d5ES \u00a0 data \u00faltima atualiza\u00e7\u00e3o: 21 de Outubro de 2023. \u00a0 \u00a0 O Utilizador fica informado de que o Website https:\/\/almadevelopment.pt\/essence-porto (o \u201cWebsite\u201d) \u00e9 gerido pela empresa PANARCOLE Lda. \u00a0 \u00a0 Este site \u00e9 meramente informativo e o seu conte\u00fado \u00e9 disponibilizado com o objectivo de divulgar e promover a atividade e servi\u00e7os [&hellip;]","og_url":"https:\/\/almadevelopment.pt\/essence-porto\/termos-e-condicoes\/","og_site_name":"Essence","article_publisher":"https:\/\/www.facebook.com\/alma.development.panhard","article_modified_time":"2024-02-05T12:45:04+00:00","twitter_card":"summary_large_image","twitter_misc":{"Tempo estimado de leitura":"3 minutos"},"schema":{"@context":"https:\/\/schema.org","@graph":[{"@type":"WebPage","@id":"https:\/\/almadevelopment.pt\/essence-porto\/termos-e-condicoes\/","url":"https:\/\/almadevelopment.pt\/essence-porto\/termos-e-condicoes\/","name":"Termos e condi\u00e7\u00f5es - Essence","isPartOf":{"@id":"https:\/\/almadevelopment.pt\/essence-porto\/#website"},"datePublished":"2024-02-05T12:34:29+00:00","dateModified":"2024-02-05T12:45:04+00:00","breadcrumb":{"@id":"https:\/\/almadevelopment.pt\/essence-porto\/termos-e-condicoes\/#breadcrumb"},"inLanguage":"pt-PT","potentialAction":[{"@type":"ReadAction","target":["https:\/\/almadevelopment.pt\/essence-porto\/termos-e-condicoes\/"]}]},{"@type":"BreadcrumbList","@id":"https:\/\/almadevelopment.pt\/essence-porto\/termos-e-condicoes\/#breadcrumb","itemListElement":[{"@type":"ListItem","position":1,"name":"Home","item":"https:\/\/almadevelopment.pt\/essence-porto\/"},{"@type":"ListItem","position":2,"name":"Termos e condi\u00e7\u00f5es"}]},{"@type":"WebSite","@id":"https:\/\/almadevelopment.pt\/essence-porto\/#website","url":"https:\/\/almadevelopment.pt\/essence-porto\/","name":"Essence","description":"New Tradition","publisher":{"@id":"https:\/\/almadevelopment.pt\/essence-porto\/#organization"},"potentialAction":[{"@type":"SearchAction","target":{"@type":"EntryPoint","urlTemplate":"https:\/\/almadevelopment.pt\/essence-porto\/?s={search_term_string}"},"query-input":{"@type":"PropertyValueSpecification","valueRequired":true,"valueName":"search_term_string"}}],"inLanguage":"pt-PT"},{"@type":"Organization","@id":"https:\/\/almadevelopment.pt\/essence-porto\/#organization","name":"Essence","url":"https:\/\/almadevelopment.pt\/essence-porto\/","logo":{"@type":"ImageObject","inLanguage":"pt-PT","@id":"https:\/\/almadevelopment.pt\/essence-porto\/#\/schema\/logo\/image\/","url":"https:\/\/almadevelopment.pt\/essence-porto\/wp-content\/uploads\/sites\/2\/2022\/12\/essence-logo.svg","contentUrl":"https:\/\/almadevelopment.pt\/essence-porto\/wp-content\/uploads\/sites\/2\/2022\/12\/essence-logo.svg","width":226,"height":114,"caption":"Essence"},"image":{"@id":"https:\/\/almadevelopment.pt\/essence-porto\/#\/schema\/logo\/image\/"},"sameAs":["https:\/\/www.facebook.com\/alma.development.panhard","https:\/\/www.instagram.com\/alma.development\/","https:\/\/www.linkedin.com\/company\/alma-development-panhard-international\/"]}]}},"_links":{"self":[{"href":"https:\/\/almadevelopment.pt\/essence-porto\/wp-json\/wp\/v2\/pages\/4253","targetHints":{"allow":["GET"]}}],"collection":[{"href":"https:\/\/almadevelopment.pt\/essence-porto\/wp-json\/wp\/v2\/pages"}],"about":[{"href":"https:\/\/almadevelopment.pt\/essence-porto\/wp-json\/wp\/v2\/types\/page"}],"author":[{"embeddable":true,"href":"https:\/\/almadevelopment.pt\/essence-porto\/wp-json\/wp\/v2\/users\/1"}],"replies":[{"embeddable":true,"href":"https:\/\/almadevelopment.pt\/essence-porto\/wp-json\/wp\/v2\/comments?post=4253"}],"version-history":[{"count":7,"href":"https:\/\/almadevelopment.pt\/essence-porto\/wp-json\/wp\/v2\/pages\/4253\/revisions"}],"predecessor-version":[{"id":4264,"href":"https:\/\/almadevelopment.pt\/essence-porto\/wp-json\/wp\/v2\/pages\/4253\/revisions\/4264"}],"wp:attachment":[{"href":"https:\/\/almadevelopment.pt\/essence-porto\/wp-json\/wp\/v2\/media?parent=4253"}],"curies":[{"name":"wp","href":"https:\/\/api.w.org\/{rel}","templated":true}]}}