{"id":11627,"date":"2023-10-21T16:37:28","date_gmt":"2023-10-21T16:37:28","guid":{"rendered":"https:\/\/almadevelopment.pt\/politique-en-matiere-de-cookies\/"},"modified":"2023-10-24T20:31:12","modified_gmt":"2023-10-24T20:31:12","slug":"politique-cookies","status":"publish","type":"page","link":"https:\/\/almadevelopment.pt\/fr\/politique-cookies\/","title":{"rendered":"Politique de cookies"},"content":{"rendered":"\n<p><strong>Qu&#8217;est-ce qu&#8217;un biscuit ?<\/strong><\/p>\n\n<p>Les sites web, les applications et les plateformes num\u00e9riques peuvent utiliser des cookies ou des technologies similaires pour am\u00e9liorer votre exp\u00e9rience de navigation. Les cookies sont des informations stock\u00e9es sur votre appareil personnel concernant les sites web que vous visitez. Elles sont parfois stock\u00e9es dans un simple fichier texte, auquel acc\u00e8de un serveur qui lit et enregistre les informations.<\/p>\n\n<p>Les sites web ne peuvent lire et \u00e9crire que les cookies qu&#8217;ils d\u00e9tiennent.<\/p>\n\n<p><strong>Notre utilisation des cookies<\/strong><\/p>\n\n<p>Lorsque vous naviguez sur notre site web, nous utilisons des cookies pour &#8220;reconna\u00eetre&#8221; votre navigateur, soit uniquement pendant votre visite (&#8220;cookie de session&#8221;), soit pendant toutes vos visites (&#8220;cookie permanent&#8221;).<\/p>\n\n<p>Sur notre site web, les cookies sont utilis\u00e9s aux fins suivantes :<\/p>\n\n<p>&#8211; Pour des raisons techniques (identification des sessions, maintien des param\u00e8tres, etc.) afin, par exemple, d&#8217;adapter la pr\u00e9sentation du site web, de l&#8217;application ou de la plate-forme num\u00e9rique \u00e0 votre appareil ;<\/p>\n\n<p>&#8211; \u00c0 des fins d&#8217;analyses statistiques et de gestion du trafic en ligne, par exemple pour am\u00e9liorer la convivialit\u00e9 d&#8217;un site web, d&#8217;une application et d&#8217;une plateforme num\u00e9rique et la pertinence de nos services ;<\/p>\n\n<p>&#8211; Red\u00e9finir le public cible et lui fournir un contenu marketing sur d&#8217;autres sites web ;<\/p>\n\n<p>&#8211; \u00c0 des fins de g\u00e9olocalisation lors de l&#8217;utilisation de fonctions sp\u00e9cifiques, telles que les recommandations d&#8217;adresses de bureaux.<\/p>\n\n<p><strong>Cookies de tiers<\/strong><\/p>\n\n<p>Si vous l&#8217;autorisez dans vos param\u00e8tres de cookies (voir la section Param\u00e8tres de cookies ci-dessous), des tiers (agences de publicit\u00e9, Panarcole internet analytics, etc.) installeront\/liront des cookies lorsque vous naviguerez sur notre site web, nos applications num\u00e9riques.<\/p>\n\n<p>L&#8217;utilisation de ces cookies est g\u00e9r\u00e9e par les politiques de confidentialit\u00e9.<\/p>\n\n<p>Ces cookies sont utilis\u00e9s par ces Panarcole, pendant la dur\u00e9e de vie des cookies, pour d\u00e9terminer et distribuer des contenus publicitaires pertinents, refl\u00e9tant vos centres d&#8217;int\u00e9r\u00eat, sur la base de la connaissance de vos habitudes de navigation sur notre site web, nos applications et nos plateformes num\u00e9riques.<\/p>\n\n<p><strong>R\u00e9seaux sociaux<\/strong><\/p>\n\n<p>Pour vous permettre de partager du contenu ou des commentaires sur nos produits et\/ou services, notre site web peut inclure des \u00e9l\u00e9ments de r\u00e9seaux sociaux (boutons, plug-ins, etc.).<\/p>\n\n<p>Ces composants sont utilis\u00e9s par les r\u00e9seaux sociaux pour enregistrer vos habitudes de navigation et ne fonctionneront que si votre navigateur est connect\u00e9 au r\u00e9seau social en question (mais il n&#8217;est pas n\u00e9cessaire que vous ayez utilis\u00e9 le bouton &#8220;partager&#8221;, par exemple).<\/p>\n\n<p>Les r\u00e9seaux sociaux que vous utilisez d\u00e9terminent les conditions d&#8217;utilisation des informations qu&#8217;ils obtiennent et PANARCOLE n&#8217;a aucun contr\u00f4le sur l&#8217;utilisation de ces informations. Nous vous recommandons de consulter leurs politiques de confidentialit\u00e9, qui pr\u00e9ciseront comment ils utilisent ces donn\u00e9es et les actions que vous pouvez entreprendre pour accro\u00eetre la confidentialit\u00e9 de votre compte.<\/p>\n\n<p><strong>Dispositifs partag\u00e9s<\/strong><\/p>\n\n<p>Les cookies \u00e9tant li\u00e9s \u00e0 l&#8217;appareil et au navigateur utilis\u00e9, il n&#8217;est pas possible de d\u00e9terminer l&#8217;identit\u00e9 de l&#8217;utilisateur de l&#8217;appareil. Par cons\u00e9quent, certains services et publicit\u00e9s propos\u00e9s sur cet appareil peuvent ne pas correspondre \u00e0 votre utilisation (les param\u00e8tres\/les habitudes de navigation des autres utilisateurs de l&#8217;appareil peuvent influencer le contenu propos\u00e9).<\/p>\n\n<p>Vous pouvez choisir le niveau de confidentialit\u00e9 de votre appareil en d\u00e9terminant qui peut l&#8217;utiliser (les personnes autoris\u00e9es \u00e0 acc\u00e9der \u00e0 l&#8217;appareil) et en modifiant ses param\u00e8tres (notamment les param\u00e8tres des cookies).<\/p>\n\n<p><strong>Param\u00e8tres des cookies<\/strong><\/p>\n\n<p>Vous pouvez modifier vos param\u00e8tres en mati\u00e8re de cookies \u00e0 tout moment et plusieurs options sont disponibles, comme d\u00e9crit ci-dessous.<\/p>\n\n<p>Les param\u00e8tres que vous choisissez peuvent affecter votre exp\u00e9rience de navigation et le fonctionnement de certains services qui n\u00e9cessitent l&#8217;utilisation de cookies. A cet \u00e9gard, nous d\u00e9clinons toute responsabilit\u00e9 pour les cons\u00e9quences li\u00e9es au fonctionnement limit\u00e9 de nos services r\u00e9sultant de la d\u00e9sactivation des cookies sur votre appareil (impossibilit\u00e9 de d\u00e9finir ou de lire un cookie).<\/p>\n\n<p><strong>Ordinateurs (PC)<\/strong><\/p>\n\n<p>Vous pouvez g\u00e9rer les cookies par le biais de diverses options dans les param\u00e8tres de votre navigateur, afin d&#8217;autoriser ou de bloquer les cookies, en g\u00e9n\u00e9ral ou pour des actions sp\u00e9cifiques, \u00e0 tout moment. Les cookies sont g\u00e9r\u00e9s diff\u00e9remment dans chaque navigateur.<\/p>\n\n<p>Visitez le lien dans votre navigateur pour en savoir plus :<\/p>\n\n<p>Google Chrome https:\/\/support.google.com\/chrome\/answer\/95647?hl=en<\/p>\n\n<p>Internet Explorer http:\/\/windows.microsoft.com\/en-us\/internet-explorer\/delete-manage-cookies#ie=ie-11<\/p>\n\n<p>Mozilla Firefox https:\/\/support.mozilla.org\/en-US\/kb\/delete-cookies-remove-info-websites-stored<\/p>\n\n<p>Safari https:\/\/support.apple.com\/en-gb\/HT201265<\/p>\n\n<p>Bord https:\/\/privacy.microsoft.com\/pt-pt\/windows-10-microsoft-edge-and-privacy<\/p>\n\n<p>Pour tous les autres appareils (smartphones, tablettes, appareils intelligents), consultez le menu d&#8217;aide de votre navigateur.<\/p>\n","protected":false},"excerpt":{"rendered":"<p>Qu&#8217;est-ce qu&#8217;un biscuit ? Les sites web, les applications et les plateformes num\u00e9riques peuvent utiliser des cookies ou des technologies similaires pour am\u00e9liorer votre exp\u00e9rience de navigation. Les cookies sont des informations stock\u00e9es sur votre appareil personnel concernant les sites web que vous visitez. Elles sont parfois stock\u00e9es dans un simple fichier texte, auquel acc\u00e8de [&hellip;]<\/p>\n","protected":false},"author":1,"featured_media":0,"parent":0,"menu_order":0,"comment_status":"closed","ping_status":"closed","template":"","meta":{"footnotes":""},"class_list":["post-11627","page","type-page","status-publish","hentry"],"yoast_head":"<!-- This site is optimized with the Yoast SEO plugin v27.3 - https:\/\/yoast.com\/product\/yoast-seo-wordpress\/ -->\n<title>Politique de cookies - ALMA Development<\/title>\n<meta name=\"description\" content=\"Les cookies sont des informations stock\u00e9es sur votre appareil personnel concernant les sites web que vous visitez.\" \/>\n<meta name=\"robots\" content=\"index, follow, max-snippet:-1, max-image-preview:large, max-video-preview:-1\" \/>\n<link rel=\"canonical\" href=\"https:\/\/almadevelopment.pt\/fr\/politique-cookies\/\" \/>\n<meta property=\"og:locale\" content=\"fr_FR\" \/>\n<meta property=\"og:type\" content=\"article\" \/>\n<meta property=\"og:title\" content=\"Politique de cookies - ALMA Development\" \/>\n<meta property=\"og:description\" content=\"Les cookies sont des informations stock\u00e9es sur votre appareil personnel concernant les sites web que vous visitez.\" \/>\n<meta property=\"og:url\" content=\"https:\/\/almadevelopment.pt\/fr\/politique-cookies\/\" \/>\n<meta property=\"og:site_name\" content=\"ALMA Development\" \/>\n<meta property=\"article:publisher\" content=\"https:\/\/www.facebook.com\/profile.php?id=100092714824982\" \/>\n<meta property=\"article:modified_time\" content=\"2023-10-24T20:31:12+00:00\" \/>\n<meta name=\"twitter:card\" content=\"summary_large_image\" \/>\n<script type=\"application\/ld+json\" class=\"yoast-schema-graph\">{\"@context\":\"https:\\\/\\\/schema.org\",\"@graph\":[{\"@type\":\"WebPage\",\"@id\":\"https:\\\/\\\/almadevelopment.pt\\\/fr\\\/politique-cookies\\\/\",\"url\":\"https:\\\/\\\/almadevelopment.pt\\\/fr\\\/politique-cookies\\\/\",\"name\":\"Politique de cookies - ALMA Development\",\"isPartOf\":{\"@id\":\"https:\\\/\\\/almadevelopment.pt\\\/fr\\\/#website\"},\"datePublished\":\"2023-10-21T16:37:28+00:00\",\"dateModified\":\"2023-10-24T20:31:12+00:00\",\"description\":\"Les cookies sont des informations stock\u00e9es sur votre appareil personnel concernant les sites web que vous visitez.\",\"breadcrumb\":{\"@id\":\"https:\\\/\\\/almadevelopment.pt\\\/fr\\\/politique-cookies\\\/#breadcrumb\"},\"inLanguage\":\"fr-FR\",\"potentialAction\":[{\"@type\":\"ReadAction\",\"target\":[\"https:\\\/\\\/almadevelopment.pt\\\/fr\\\/politique-cookies\\\/\"]}]},{\"@type\":\"BreadcrumbList\",\"@id\":\"https:\\\/\\\/almadevelopment.pt\\\/fr\\\/politique-cookies\\\/#breadcrumb\",\"itemListElement\":[{\"@type\":\"ListItem\",\"position\":1,\"name\":\"Home\",\"item\":\"https:\\\/\\\/almadevelopment.pt\\\/fr\\\/\"},{\"@type\":\"ListItem\",\"position\":2,\"name\":\"Politique de cookies\"}]},{\"@type\":\"WebSite\",\"@id\":\"https:\\\/\\\/almadevelopment.pt\\\/fr\\\/#website\",\"url\":\"https:\\\/\\\/almadevelopment.pt\\\/fr\\\/\",\"name\":\"ALMA Development\",\"description\":\"Real State of Mind\",\"publisher\":{\"@id\":\"https:\\\/\\\/almadevelopment.pt\\\/fr\\\/#organization\"},\"potentialAction\":[{\"@type\":\"SearchAction\",\"target\":{\"@type\":\"EntryPoint\",\"urlTemplate\":\"https:\\\/\\\/almadevelopment.pt\\\/fr\\\/?s={search_term_string}\"},\"query-input\":{\"@type\":\"PropertyValueSpecification\",\"valueRequired\":true,\"valueName\":\"search_term_string\"}}],\"inLanguage\":\"fr-FR\"},{\"@type\":\"Organization\",\"@id\":\"https:\\\/\\\/almadevelopment.pt\\\/fr\\\/#organization\",\"name\":\"ALMA Development\",\"alternateName\":\"ALMA\",\"url\":\"https:\\\/\\\/almadevelopment.pt\\\/fr\\\/\",\"logo\":{\"@type\":\"ImageObject\",\"inLanguage\":\"fr-FR\",\"@id\":\"https:\\\/\\\/almadevelopment.pt\\\/fr\\\/#\\\/schema\\\/logo\\\/image\\\/\",\"url\":\"https:\\\/\\\/almadevelopment.pt\\\/wp-content\\\/uploads\\\/2022\\\/03\\\/Logo-ALMA-azul-150-na\u0303o-responsive-04.svg\",\"contentUrl\":\"https:\\\/\\\/almadevelopment.pt\\\/wp-content\\\/uploads\\\/2022\\\/03\\\/Logo-ALMA-azul-150-na\u0303o-responsive-04.svg\",\"width\":150,\"height\":75,\"caption\":\"ALMA Development\"},\"image\":{\"@id\":\"https:\\\/\\\/almadevelopment.pt\\\/fr\\\/#\\\/schema\\\/logo\\\/image\\\/\"},\"sameAs\":[\"https:\\\/\\\/www.facebook.com\\\/profile.php?id=100092714824982\",\"https:\\\/\\\/www.linkedin.com\\\/company\\\/alma-development-panhard-international\",\"https:\\\/\\\/www.instagram.com\\\/alma.development\\\/\"]}]}<\/script>\n<!-- \/ Yoast SEO plugin. -->","yoast_head_json":{"title":"Politique de cookies - ALMA Development","description":"Les cookies sont des informations stock\u00e9es sur votre appareil personnel concernant les sites web que vous visitez.","robots":{"index":"index","follow":"follow","max-snippet":"max-snippet:-1","max-image-preview":"max-image-preview:large","max-video-preview":"max-video-preview:-1"},"canonical":"https:\/\/almadevelopment.pt\/fr\/politique-cookies\/","og_locale":"fr_FR","og_type":"article","og_title":"Politique de cookies - ALMA Development","og_description":"Les cookies sont des informations stock\u00e9es sur votre appareil personnel concernant les sites web que vous visitez.","og_url":"https:\/\/almadevelopment.pt\/fr\/politique-cookies\/","og_site_name":"ALMA Development","article_publisher":"https:\/\/www.facebook.com\/profile.php?id=100092714824982","article_modified_time":"2023-10-24T20:31:12+00:00","twitter_card":"summary_large_image","schema":{"@context":"https:\/\/schema.org","@graph":[{"@type":"WebPage","@id":"https:\/\/almadevelopment.pt\/fr\/politique-cookies\/","url":"https:\/\/almadevelopment.pt\/fr\/politique-cookies\/","name":"Politique de cookies - ALMA Development","isPartOf":{"@id":"https:\/\/almadevelopment.pt\/fr\/#website"},"datePublished":"2023-10-21T16:37:28+00:00","dateModified":"2023-10-24T20:31:12+00:00","description":"Les cookies sont des informations stock\u00e9es sur votre appareil personnel concernant les sites web que vous visitez.","breadcrumb":{"@id":"https:\/\/almadevelopment.pt\/fr\/politique-cookies\/#breadcrumb"},"inLanguage":"fr-FR","potentialAction":[{"@type":"ReadAction","target":["https:\/\/almadevelopment.pt\/fr\/politique-cookies\/"]}]},{"@type":"BreadcrumbList","@id":"https:\/\/almadevelopment.pt\/fr\/politique-cookies\/#breadcrumb","itemListElement":[{"@type":"ListItem","position":1,"name":"Home","item":"https:\/\/almadevelopment.pt\/fr\/"},{"@type":"ListItem","position":2,"name":"Politique de cookies"}]},{"@type":"WebSite","@id":"https:\/\/almadevelopment.pt\/fr\/#website","url":"https:\/\/almadevelopment.pt\/fr\/","name":"ALMA Development","description":"Real State of Mind","publisher":{"@id":"https:\/\/almadevelopment.pt\/fr\/#organization"},"potentialAction":[{"@type":"SearchAction","target":{"@type":"EntryPoint","urlTemplate":"https:\/\/almadevelopment.pt\/fr\/?s={search_term_string}"},"query-input":{"@type":"PropertyValueSpecification","valueRequired":true,"valueName":"search_term_string"}}],"inLanguage":"fr-FR"},{"@type":"Organization","@id":"https:\/\/almadevelopment.pt\/fr\/#organization","name":"ALMA Development","alternateName":"ALMA","url":"https:\/\/almadevelopment.pt\/fr\/","logo":{"@type":"ImageObject","inLanguage":"fr-FR","@id":"https:\/\/almadevelopment.pt\/fr\/#\/schema\/logo\/image\/","url":"https:\/\/almadevelopment.pt\/wp-content\/uploads\/2022\/03\/Logo-ALMA-azul-150-na\u0303o-responsive-04.svg","contentUrl":"https:\/\/almadevelopment.pt\/wp-content\/uploads\/2022\/03\/Logo-ALMA-azul-150-na\u0303o-responsive-04.svg","width":150,"height":75,"caption":"ALMA Development"},"image":{"@id":"https:\/\/almadevelopment.pt\/fr\/#\/schema\/logo\/image\/"},"sameAs":["https:\/\/www.facebook.com\/profile.php?id=100092714824982","https:\/\/www.linkedin.com\/company\/alma-development-panhard-international","https:\/\/www.instagram.com\/alma.development\/"]}]}},"_links":{"self":[{"href":"https:\/\/almadevelopment.pt\/fr\/wp-json\/wp\/v2\/pages\/11627","targetHints":{"allow":["GET"]}}],"collection":[{"href":"https:\/\/almadevelopment.pt\/fr\/wp-json\/wp\/v2\/pages"}],"about":[{"href":"https:\/\/almadevelopment.pt\/fr\/wp-json\/wp\/v2\/types\/page"}],"author":[{"embeddable":true,"href":"https:\/\/almadevelopment.pt\/fr\/wp-json\/wp\/v2\/users\/1"}],"replies":[{"embeddable":true,"href":"https:\/\/almadevelopment.pt\/fr\/wp-json\/wp\/v2\/comments?post=11627"}],"version-history":[{"count":4,"href":"https:\/\/almadevelopment.pt\/fr\/wp-json\/wp\/v2\/pages\/11627\/revisions"}],"predecessor-version":[{"id":11866,"href":"https:\/\/almadevelopment.pt\/fr\/wp-json\/wp\/v2\/pages\/11627\/revisions\/11866"}],"wp:attachment":[{"href":"https:\/\/almadevelopment.pt\/fr\/wp-json\/wp\/v2\/media?parent=11627"}],"curies":[{"name":"wp","href":"https:\/\/api.w.org\/{rel}","templated":true}]}}