{"id":11645,"date":"2023-09-19T16:35:20","date_gmt":"2023-09-19T16:35:20","guid":{"rendered":"https:\/\/almadevelopment.pt\/conditions-generales-dutilisation\/"},"modified":"2023-10-22T17:12:26","modified_gmt":"2023-10-22T17:12:26","slug":"conditions-generales-dutilisation","status":"publish","type":"page","link":"https:\/\/almadevelopment.pt\/fr\/conditions-generales-dutilisation\/","title":{"rendered":"Conditions g\u00e9n\u00e9rales d&#8217;utilisation"},"content":{"rendered":"\n<p><em>Derni\u00e8re mise \u00e0 jour : 21 octobre 2023.<\/em><\/p>\n\n<p>L&#8217;utilisateur est inform\u00e9 que le site https:\/\/almadevelopment.pt (le &#8221; site &#8220;) est g\u00e9r\u00e9 par la soci\u00e9t\u00e9 PANARCOLE Lda.<\/p>\n\n<p>Ce site web est purement informatif et son contenu est mis \u00e0 disposition dans le but de faire conna\u00eetre et de promouvoir l&#8217;activit\u00e9 et les services de PANARCOLE Lda (ci-apr\u00e8s &#8220;PANARCOLE&#8221;), et ne constitue pas une prestation de services ou une sollicitation directe de clients.<\/p>\n\n<p>PANARCOLE autorise le t\u00e9l\u00e9chargement et le stockage temporaire du contenu de ce site Web dans le but de le visualiser sur un appareil personnel. La reproduction, le stockage permanent ou la retransmission du contenu de ce site Web sont express\u00e9ment interdits sans l&#8217;autorisation pr\u00e9alable de PANARCOLE. PANARCOLE exclut sa responsabilit\u00e9 pour tout dommage pouvant survenir en relation avec l&#8217;information contenue sur ce site et l&#8217;utilisation qui peut en \u00eatre faite par ses Utilisateurs.<\/p>\n\n<p>L&#8217;utilisation de notre site web d\u00e9pend de la conformit\u00e9 de l&#8217;ordinateur et\/ou de l&#8217;appareil portable de l&#8217;utilisateur \u00e0 nos sp\u00e9cifications techniques minimales et \u00e0 notre avis de compatibilit\u00e9. Il est conseill\u00e9 aux utilisateurs de v\u00e9rifier ces sp\u00e9cifications pour s&#8217;assurer que leur ordinateur et\/ou appareil portable est compatible avec nos produits et services et nous ne pourrons \u00eatre tenus responsables de tout d\u00e9faut survenant sur le site web en raison d&#8217;une incompatibilit\u00e9.<\/p>\n\n<p>L&#8217;utilisateur s&#8217;engage \u00e0 ne pas utiliser le site Web \u00e0 des fins frauduleuses et \u00e0 ne pas adopter un comportement susceptible de nuire \u00e0 l&#8217;image, aux int\u00e9r\u00eats et aux droits de PANARCOLE ou de tiers. L&#8217;utilisateur s&#8217;engage \u00e9galement \u00e0 ne pas effectuer d&#8217;actes qui endommagent, d\u00e9sactivent ou surchargent le site web, ou qui peuvent compromettre de quelque mani\u00e8re que ce soit l&#8217;utilisation et le fonctionnement normaux de ce dernier. L&#8217;utilisateur est inform\u00e9 qu&#8217;en cas de violation des dispositions des pr\u00e9sentes conditions g\u00e9n\u00e9rales, de la politique de confidentialit\u00e9 ou de la politique en mati\u00e8re de cookies, nous nous r\u00e9servons le droit de limiter, de suspendre ou de r\u00e9silier l&#8217;acc\u00e8s de l&#8217;utilisateur au site web, en prenant toutes les mesures techniques n\u00e9cessaires \u00e0 cet effet.<\/p>\n\n<p>Tous les droits relatifs \u00e0 ce site web, y compris son contenu, quel que soit son format, la marque PANARCOLE et les signes distinctifs qui y sont associ\u00e9s, sont la propri\u00e9t\u00e9 exclusive de PANARCOLE.<\/p>\n\n<p>En utilisant ce site web, vous acceptez les &#8220;conditions d&#8217;utilisation&#8221; publi\u00e9es ici.<\/p>\n\n<p>Les pr\u00e9sentes &#8220;Conditions d&#8217;utilisation&#8221; peuvent \u00eatre mises \u00e0 jour p\u00e9riodiquement et sans pr\u00e9avis, soit en raison de modifications apport\u00e9es au site Web, notamment \u00e0 son contenu et \u00e0 ses fonctionnalit\u00e9s, soit en raison d&#8217;imp\u00e9ratifs l\u00e9gaux, soit en raison d&#8217;une d\u00e9cision non contraignante de PANARCOLE. La date de la derni\u00e8re mise \u00e0 jour sera toujours affich\u00e9e en haut de cette page.<\/p>\n","protected":false},"excerpt":{"rendered":"<p>Derni\u00e8re mise \u00e0 jour : 21 octobre 2023. L&#8217;utilisateur est inform\u00e9 que le site https:\/\/almadevelopment.pt (le &#8221; site &#8220;) est g\u00e9r\u00e9 par la soci\u00e9t\u00e9 PANARCOLE Lda. Ce site web est purement informatif et son contenu est mis \u00e0 disposition dans le but de faire conna\u00eetre et de promouvoir l&#8217;activit\u00e9 et les services de PANARCOLE Lda [&hellip;]<\/p>\n","protected":false},"author":1,"featured_media":0,"parent":0,"menu_order":0,"comment_status":"closed","ping_status":"closed","template":"","meta":{"footnotes":""},"class_list":["post-11645","page","type-page","status-publish","hentry"],"yoast_head":"<!-- This site is optimized with the Yoast SEO plugin v27.3 - https:\/\/yoast.com\/product\/yoast-seo-wordpress\/ -->\n<title>Conditions g\u00e9n\u00e9rales d&#039;utilisation - ALMA Development<\/title>\n<meta name=\"description\" content=\"Ce site web est uniquement destin\u00e9 \u00e0 l&#039;information et son contenu est mis \u00e0 disposition dans le but de faire conna\u00eetre et de promouvoir notre activit\u00e9 et nos services.\" \/>\n<meta name=\"robots\" content=\"index, follow, max-snippet:-1, max-image-preview:large, max-video-preview:-1\" \/>\n<link rel=\"canonical\" href=\"https:\/\/almadevelopment.pt\/fr\/conditions-generales-dutilisation\/\" \/>\n<meta property=\"og:locale\" content=\"fr_FR\" \/>\n<meta property=\"og:type\" content=\"article\" \/>\n<meta property=\"og:title\" content=\"Conditions g\u00e9n\u00e9rales d&#039;utilisation - ALMA Development\" \/>\n<meta property=\"og:description\" content=\"Ce site web est uniquement destin\u00e9 \u00e0 l&#039;information et son contenu est mis \u00e0 disposition dans le but de faire conna\u00eetre et de promouvoir notre activit\u00e9 et nos services.\" \/>\n<meta property=\"og:url\" content=\"https:\/\/almadevelopment.pt\/fr\/conditions-generales-dutilisation\/\" \/>\n<meta property=\"og:site_name\" content=\"ALMA Development\" \/>\n<meta property=\"article:publisher\" content=\"https:\/\/www.facebook.com\/profile.php?id=100092714824982\" \/>\n<meta property=\"article:modified_time\" content=\"2023-10-22T17:12:26+00:00\" \/>\n<meta name=\"twitter:card\" content=\"summary_large_image\" \/>\n<script type=\"application\/ld+json\" class=\"yoast-schema-graph\">{\"@context\":\"https:\\\/\\\/schema.org\",\"@graph\":[{\"@type\":\"WebPage\",\"@id\":\"https:\\\/\\\/almadevelopment.pt\\\/fr\\\/conditions-generales-dutilisation\\\/\",\"url\":\"https:\\\/\\\/almadevelopment.pt\\\/fr\\\/conditions-generales-dutilisation\\\/\",\"name\":\"Conditions g\u00e9n\u00e9rales d'utilisation - ALMA Development\",\"isPartOf\":{\"@id\":\"https:\\\/\\\/almadevelopment.pt\\\/fr\\\/#website\"},\"datePublished\":\"2023-09-19T16:35:20+00:00\",\"dateModified\":\"2023-10-22T17:12:26+00:00\",\"description\":\"Ce site web est uniquement destin\u00e9 \u00e0 l'information et son contenu est mis \u00e0 disposition dans le but de faire conna\u00eetre et de promouvoir notre activit\u00e9 et nos services.\",\"breadcrumb\":{\"@id\":\"https:\\\/\\\/almadevelopment.pt\\\/fr\\\/conditions-generales-dutilisation\\\/#breadcrumb\"},\"inLanguage\":\"fr-FR\",\"potentialAction\":[{\"@type\":\"ReadAction\",\"target\":[\"https:\\\/\\\/almadevelopment.pt\\\/fr\\\/conditions-generales-dutilisation\\\/\"]}]},{\"@type\":\"BreadcrumbList\",\"@id\":\"https:\\\/\\\/almadevelopment.pt\\\/fr\\\/conditions-generales-dutilisation\\\/#breadcrumb\",\"itemListElement\":[{\"@type\":\"ListItem\",\"position\":1,\"name\":\"Home\",\"item\":\"https:\\\/\\\/almadevelopment.pt\\\/fr\\\/\"},{\"@type\":\"ListItem\",\"position\":2,\"name\":\"Conditions g\u00e9n\u00e9rales d&#8217;utilisation\"}]},{\"@type\":\"WebSite\",\"@id\":\"https:\\\/\\\/almadevelopment.pt\\\/fr\\\/#website\",\"url\":\"https:\\\/\\\/almadevelopment.pt\\\/fr\\\/\",\"name\":\"ALMA Development\",\"description\":\"Real State of Mind\",\"publisher\":{\"@id\":\"https:\\\/\\\/almadevelopment.pt\\\/fr\\\/#organization\"},\"potentialAction\":[{\"@type\":\"SearchAction\",\"target\":{\"@type\":\"EntryPoint\",\"urlTemplate\":\"https:\\\/\\\/almadevelopment.pt\\\/fr\\\/?s={search_term_string}\"},\"query-input\":{\"@type\":\"PropertyValueSpecification\",\"valueRequired\":true,\"valueName\":\"search_term_string\"}}],\"inLanguage\":\"fr-FR\"},{\"@type\":\"Organization\",\"@id\":\"https:\\\/\\\/almadevelopment.pt\\\/fr\\\/#organization\",\"name\":\"ALMA Development\",\"alternateName\":\"ALMA\",\"url\":\"https:\\\/\\\/almadevelopment.pt\\\/fr\\\/\",\"logo\":{\"@type\":\"ImageObject\",\"inLanguage\":\"fr-FR\",\"@id\":\"https:\\\/\\\/almadevelopment.pt\\\/fr\\\/#\\\/schema\\\/logo\\\/image\\\/\",\"url\":\"https:\\\/\\\/almadevelopment.pt\\\/wp-content\\\/uploads\\\/2022\\\/03\\\/Logo-ALMA-azul-150-na\u0303o-responsive-04.svg\",\"contentUrl\":\"https:\\\/\\\/almadevelopment.pt\\\/wp-content\\\/uploads\\\/2022\\\/03\\\/Logo-ALMA-azul-150-na\u0303o-responsive-04.svg\",\"width\":150,\"height\":75,\"caption\":\"ALMA Development\"},\"image\":{\"@id\":\"https:\\\/\\\/almadevelopment.pt\\\/fr\\\/#\\\/schema\\\/logo\\\/image\\\/\"},\"sameAs\":[\"https:\\\/\\\/www.facebook.com\\\/profile.php?id=100092714824982\",\"https:\\\/\\\/www.linkedin.com\\\/company\\\/alma-development-panhard-international\",\"https:\\\/\\\/www.instagram.com\\\/alma.development\\\/\"]}]}<\/script>\n<!-- \/ Yoast SEO plugin. -->","yoast_head_json":{"title":"Conditions g\u00e9n\u00e9rales d'utilisation - ALMA Development","description":"Ce site web est uniquement destin\u00e9 \u00e0 l'information et son contenu est mis \u00e0 disposition dans le but de faire conna\u00eetre et de promouvoir notre activit\u00e9 et nos services.","robots":{"index":"index","follow":"follow","max-snippet":"max-snippet:-1","max-image-preview":"max-image-preview:large","max-video-preview":"max-video-preview:-1"},"canonical":"https:\/\/almadevelopment.pt\/fr\/conditions-generales-dutilisation\/","og_locale":"fr_FR","og_type":"article","og_title":"Conditions g\u00e9n\u00e9rales d'utilisation - ALMA Development","og_description":"Ce site web est uniquement destin\u00e9 \u00e0 l'information et son contenu est mis \u00e0 disposition dans le but de faire conna\u00eetre et de promouvoir notre activit\u00e9 et nos services.","og_url":"https:\/\/almadevelopment.pt\/fr\/conditions-generales-dutilisation\/","og_site_name":"ALMA Development","article_publisher":"https:\/\/www.facebook.com\/profile.php?id=100092714824982","article_modified_time":"2023-10-22T17:12:26+00:00","twitter_card":"summary_large_image","schema":{"@context":"https:\/\/schema.org","@graph":[{"@type":"WebPage","@id":"https:\/\/almadevelopment.pt\/fr\/conditions-generales-dutilisation\/","url":"https:\/\/almadevelopment.pt\/fr\/conditions-generales-dutilisation\/","name":"Conditions g\u00e9n\u00e9rales d'utilisation - ALMA Development","isPartOf":{"@id":"https:\/\/almadevelopment.pt\/fr\/#website"},"datePublished":"2023-09-19T16:35:20+00:00","dateModified":"2023-10-22T17:12:26+00:00","description":"Ce site web est uniquement destin\u00e9 \u00e0 l'information et son contenu est mis \u00e0 disposition dans le but de faire conna\u00eetre et de promouvoir notre activit\u00e9 et nos services.","breadcrumb":{"@id":"https:\/\/almadevelopment.pt\/fr\/conditions-generales-dutilisation\/#breadcrumb"},"inLanguage":"fr-FR","potentialAction":[{"@type":"ReadAction","target":["https:\/\/almadevelopment.pt\/fr\/conditions-generales-dutilisation\/"]}]},{"@type":"BreadcrumbList","@id":"https:\/\/almadevelopment.pt\/fr\/conditions-generales-dutilisation\/#breadcrumb","itemListElement":[{"@type":"ListItem","position":1,"name":"Home","item":"https:\/\/almadevelopment.pt\/fr\/"},{"@type":"ListItem","position":2,"name":"Conditions g\u00e9n\u00e9rales d&#8217;utilisation"}]},{"@type":"WebSite","@id":"https:\/\/almadevelopment.pt\/fr\/#website","url":"https:\/\/almadevelopment.pt\/fr\/","name":"ALMA Development","description":"Real State of Mind","publisher":{"@id":"https:\/\/almadevelopment.pt\/fr\/#organization"},"potentialAction":[{"@type":"SearchAction","target":{"@type":"EntryPoint","urlTemplate":"https:\/\/almadevelopment.pt\/fr\/?s={search_term_string}"},"query-input":{"@type":"PropertyValueSpecification","valueRequired":true,"valueName":"search_term_string"}}],"inLanguage":"fr-FR"},{"@type":"Organization","@id":"https:\/\/almadevelopment.pt\/fr\/#organization","name":"ALMA Development","alternateName":"ALMA","url":"https:\/\/almadevelopment.pt\/fr\/","logo":{"@type":"ImageObject","inLanguage":"fr-FR","@id":"https:\/\/almadevelopment.pt\/fr\/#\/schema\/logo\/image\/","url":"https:\/\/almadevelopment.pt\/wp-content\/uploads\/2022\/03\/Logo-ALMA-azul-150-na\u0303o-responsive-04.svg","contentUrl":"https:\/\/almadevelopment.pt\/wp-content\/uploads\/2022\/03\/Logo-ALMA-azul-150-na\u0303o-responsive-04.svg","width":150,"height":75,"caption":"ALMA Development"},"image":{"@id":"https:\/\/almadevelopment.pt\/fr\/#\/schema\/logo\/image\/"},"sameAs":["https:\/\/www.facebook.com\/profile.php?id=100092714824982","https:\/\/www.linkedin.com\/company\/alma-development-panhard-international","https:\/\/www.instagram.com\/alma.development\/"]}]}},"_links":{"self":[{"href":"https:\/\/almadevelopment.pt\/fr\/wp-json\/wp\/v2\/pages\/11645","targetHints":{"allow":["GET"]}}],"collection":[{"href":"https:\/\/almadevelopment.pt\/fr\/wp-json\/wp\/v2\/pages"}],"about":[{"href":"https:\/\/almadevelopment.pt\/fr\/wp-json\/wp\/v2\/types\/page"}],"author":[{"embeddable":true,"href":"https:\/\/almadevelopment.pt\/fr\/wp-json\/wp\/v2\/users\/1"}],"replies":[{"embeddable":true,"href":"https:\/\/almadevelopment.pt\/fr\/wp-json\/wp\/v2\/comments?post=11645"}],"version-history":[{"count":1,"href":"https:\/\/almadevelopment.pt\/fr\/wp-json\/wp\/v2\/pages\/11645\/revisions"}],"predecessor-version":[{"id":11646,"href":"https:\/\/almadevelopment.pt\/fr\/wp-json\/wp\/v2\/pages\/11645\/revisions\/11646"}],"wp:attachment":[{"href":"https:\/\/almadevelopment.pt\/fr\/wp-json\/wp\/v2\/media?parent=11645"}],"curies":[{"name":"wp","href":"https:\/\/api.w.org\/{rel}","templated":true}]}}