{"id":17120,"date":"2025-10-28T15:02:27","date_gmt":"2025-10-28T15:02:27","guid":{"rendered":"https:\/\/almadevelopment.pt\/notre-equipe-filipe-santos\/"},"modified":"2025-10-28T15:52:28","modified_gmt":"2025-10-28T15:52:28","slug":"notre-equipe-filipe-santos","status":"publish","type":"page","link":"https:\/\/almadevelopment.pt\/fr\/notre-equipe-filipe-santos\/","title":{"rendered":"Notre \u00e9quipe &#8211; Filipe Santos"},"content":{"rendered":"\t\t<div data-elementor-type=\"wp-page\" data-elementor-id=\"17120\" class=\"elementor elementor-17120 elementor-17103\" data-elementor-post-type=\"page\">\n\t\t\t\t\t\t\t\t\t<section class=\"elementor-section elementor-top-section elementor-element elementor-element-a2ae01c elementor-section-boxed elementor-section-height-default elementor-section-height-default\" data-id=\"a2ae01c\" data-element_type=\"section\">\n\t\t\t\t\t\t\t<div class=\"elementor-background-overlay\"><\/div>\n\t\t\t\t\t\t\t<div class=\"elementor-container elementor-column-gap-default\">\n\t\t\t\t\t<div class=\"elementor-column elementor-col-33 elementor-top-column elementor-element elementor-element-d328cdb\" data-id=\"d328cdb\" data-element_type=\"column\">\n\t\t\t<div class=\"elementor-widget-wrap elementor-element-populated\">\n\t\t\t\t\t\t\t\t<div class=\"elementor-element elementor-element-02ba1ae elementor-widget__width-auto elementor-widget elementor-widget-ld_button\" data-id=\"02ba1ae\" data-element_type=\"widget\" data-widget_type=\"ld_button.default\">\n\t\t\t\t<div class=\"elementor-widget-container\">\n\t\t\t\n\t\t<a  href=\"https:\/\/almadevelopment.pt\/quem-somos\/\" class=\"elementor-button btn align-items-center justify-content-center pos-rel overflow-hidden ws-nowrap btn-naked btn-icon-left btn-icon-bordered btn-has-label\" rel=\"nofollow\" >\n\t\t\t\t\t\t\t<span class=\"btn-txt d-block pos-rel z-index-3\"  data-text=\"Retour\" >\n\t\t\t\t\t\t\t\t\t\t\tRetour\t\t\t\t\t\t\t\t\t<\/span>\n\t\t\t\t\t\t\t\t\t\t\t<span class=\"btn-icon pos-rel z-index-3\">\n\t\t\t\t\t\t<i aria-hidden=\"true\" class=\"fas fa-arrow-left\"><\/i>\t\t\t\t\t<\/span>\n\t\t\t\t\t\t\t<\/a>\n\n\t\t\t\t<\/div>\n\t\t\t\t<\/div>\n\t\t\t\t\t<\/div>\n\t\t<\/div>\n\t\t\t\t<div class=\"elementor-column elementor-col-33 elementor-top-column elementor-element elementor-element-c24302a\" data-id=\"c24302a\" data-element_type=\"column\">\n\t\t\t<div class=\"elementor-widget-wrap\">\n\t\t\t\t\t\t\t\t\t<\/div>\n\t\t<\/div>\n\t\t\t\t<div class=\"elementor-column elementor-col-33 elementor-top-column elementor-element elementor-element-f3f2fe5\" data-id=\"f3f2fe5\" data-element_type=\"column\">\n\t\t\t<div class=\"elementor-widget-wrap\">\n\t\t\t\t\t\t\t\t\t<\/div>\n\t\t<\/div>\n\t\t\t\t\t\t\t<\/div>\n\t\t<\/section>\n\t\t\t\t<section class=\"elementor-section elementor-top-section elementor-element elementor-element-a877737 elementor-section-boxed elementor-section-height-default elementor-section-height-default\" data-id=\"a877737\" data-element_type=\"section\">\n\t\t\t\t\t\t<div class=\"elementor-container elementor-column-gap-extended\">\n\t\t\t\t\t<div class=\"elementor-column elementor-col-50 elementor-top-column elementor-element elementor-element-37489ea\" data-id=\"37489ea\" data-element_type=\"column\">\n\t\t\t<div class=\"elementor-widget-wrap elementor-element-populated\">\n\t\t\t\t\t\t\t\t<div class=\"elementor-element elementor-element-881a362 elementor-widget elementor-widget-ld_fancy_image\" data-id=\"881a362\" data-element_type=\"widget\" data-widget_type=\"ld_fancy_image.default\">\n\t\t\t\t<div class=\"elementor-widget-container\">\n\t\t\t\n\t\t\t<div class=\"lqd-imggrp-single d-inline-flex pos-rel align-items-center justify-content-center\"   >\n\n\t\t\t\t\n\t\t\t\t<div class=\"lqd-imggrp-img-container pos-rel\" >\n\n\t\t\t\t\t<figure\n\t\t\t\t\t\tclass=\"w-100 pos-rel\"\n\t\t\t\t\t\t\t\t\t\t\t\t\t\t\t\t\t>\n\t\t\t\t\t\t<img fetchpriority=\"high\" decoding=\"async\" width=\"640\" height=\"750\" src=\"https:\/\/almadevelopment.pt\/wp-content\/uploads\/2025\/10\/Filipe-Santos-CEO-ALMA-Development-640x750_2.webp\" class=\"attachment-full size-full wp-image-17106\" alt=\"\" srcset=\"https:\/\/almadevelopment.pt\/wp-content\/uploads\/2025\/10\/Filipe-Santos-CEO-ALMA-Development-640x750_2.webp 640w, https:\/\/almadevelopment.pt\/wp-content\/uploads\/2025\/10\/Filipe-Santos-CEO-ALMA-Development-640x750_2-256x300.webp 256w\" sizes=\"(max-width: 640px) 100vw, 640px\" \/>\t\t\t\t\t\t\t\t\t\t\t\t\t\t\t\t\t\t\t\t\t\t\t\t\t\t\t\t\t\t\t\t\t\t\t\t\t\t\t\t\t\t\t\t\t\t\t<\/figure>\n\n\t\t\t\t<\/div>\n\t\t\t<\/div>\n\n\t\t\t\t<\/div>\n\t\t\t\t<\/div>\n\t\t\t\t<div class=\"elementor-element elementor-element-07f108a elementor-widget elementor-widget-hub_fancy_heading\" data-id=\"07f108a\" data-element_type=\"widget\" data-widget_type=\"hub_fancy_heading.default\">\n\t\t\t\t<div class=\"elementor-widget-container\">\n\t\t\t\n\t\t<div id=\"ld-fancy-heading-69d0254476cec\" class=\"ld-fancy-heading pos-rel\">\n\t\t\t<h6 class=\"ld-fh-element d-inline-block pos-rel  elementor-heading-title lqd-highlight-classic lqd-highlight-grow-left h6\"  > parcours professionnel :<\/h6>\t\t<\/div>\n\n\t\t\t\t<\/div>\n\t\t\t\t<\/div>\n\t\t\t\t<div class=\"elementor-element elementor-element-e2c84a9 elementor-widget elementor-widget-hub_fancy_heading\" data-id=\"e2c84a9\" data-element_type=\"widget\" data-widget_type=\"hub_fancy_heading.default\">\n\t\t\t\t<div class=\"elementor-widget-container\">\n\t\t\t\n\t\t<div id=\"ld-fancy-heading-69d0254477391\" class=\"ld-fancy-heading pos-rel\">\n\t\t\t<p class=\"ld-fh-element d-inline-block pos-rel  lqd-highlight-classic lqd-highlight-grow-left p\"  > Dipl\u00f4m\u00e9 en relations publiques et en communication, et titulaire d'un dipl\u00f4me de troisi\u00e8me cycle en gestion immobili\u00e8re de l'\u00e9cole de commerce de Porto, il a occup\u00e9 des postes importants en tant que directeur commercial et marketing du Grupo Empril, a \u00e9t\u00e9 responsable de l'ouverture de Savills dans la ville de Porto, o\u00f9 il a dirig\u00e9 avec succ\u00e8s plusieurs op\u00e9rations, et plus r\u00e9cemment, a agi en tant que CBDO au sein du groupe Castro.  <br><br>Au cours de sa carri\u00e8re, il a particip\u00e9 directement \u00e0 des op\u00e9rations totalisant plus de 100 millions d'euros d'investissements directs, notamment dans le Grand Porto et le nord du pays.<\/p>\t\t<\/div>\n\n\t\t\t\t<\/div>\n\t\t\t\t<\/div>\n\t\t\t\t\t<\/div>\n\t\t<\/div>\n\t\t\t\t<div class=\"lqd-css-sticky-column elementor-column elementor-col-50 elementor-top-column elementor-element elementor-element-14428f1\" style=\"--lqd-sticky-offset:30px\" data-id=\"14428f1\" data-element_type=\"column\">\n\t\t\t<div class=\"elementor-widget-wrap elementor-element-populated\">\n\t\t\t\t\t\t\t\t<section class=\"elementor-section elementor-inner-section elementor-element elementor-element-e364aa2 elementor-section-boxed elementor-section-height-default elementor-section-height-default\" data-id=\"e364aa2\" data-element_type=\"section\" data-settings=\"{&quot;background_background&quot;:&quot;classic&quot;}\">\n\t\t\t\t\t\t<div class=\"elementor-container elementor-column-gap-default\">\n\t\t\t\t\t<div class=\"elementor-column elementor-col-100 elementor-inner-column elementor-element elementor-element-aa37b86\" data-id=\"aa37b86\" data-element_type=\"column\">\n\t\t\t<div class=\"elementor-widget-wrap elementor-element-populated\">\n\t\t\t\t\t\t\t\t<div class=\"elementor-element elementor-element-ab5fc9c elementor-widget elementor-widget-hub_fancy_heading\" data-id=\"ab5fc9c\" data-element_type=\"widget\" data-widget_type=\"hub_fancy_heading.default\">\n\t\t\t\t<div class=\"elementor-widget-container\">\n\t\t\t\n\t\t<div id=\"ld-fancy-heading-69d02544784d9\" class=\"ld-fancy-heading pos-rel\">\n\t\t\t<h6 class=\"ld-fh-element d-inline-block pos-rel  elementor-heading-title lqd-highlight-classic lqd-highlight-grow-left h6\"  > RESPONSABLE DU D\u00c9VELOPPEMENT DES ENTREPRISES<\/h6>\t\t<\/div>\n\n\t\t\t\t<\/div>\n\t\t\t\t<\/div>\n\t\t\t\t<div class=\"elementor-element elementor-element-b83fdc5 elementor-widget elementor-widget-hub_fancy_heading\" data-id=\"b83fdc5\" data-element_type=\"widget\" data-widget_type=\"hub_fancy_heading.default\">\n\t\t\t\t<div class=\"elementor-widget-container\">\n\t\t\t\n\t\t<div id=\"ld-fancy-heading-69d0254478b8d\" class=\"ld-fancy-heading pos-rel\">\n\t\t\t<h2 class=\"ld-fh-element d-inline-block pos-rel  elementor-heading-title lqd-highlight-classic lqd-highlight-grow-left h2\"  > Filipe Santos<\/h2>\t\t<\/div>\n\n\t\t\t\t<\/div>\n\t\t\t\t<\/div>\n\t\t\t\t<div class=\"elementor-element elementor-element-0818604 elementor-widget elementor-widget-hub_fancy_heading\" data-id=\"0818604\" data-element_type=\"widget\" data-widget_type=\"hub_fancy_heading.default\">\n\t\t\t\t<div class=\"elementor-widget-container\">\n\t\t\t\n\t\t<div id=\"ld-fancy-heading-69d0254479140\" class=\"ld-fancy-heading pos-rel\">\n\t\t\t<p class=\"ld-fh-element d-inline-block pos-rel  lqd-highlight-classic lqd-highlight-grow-left p\"  > Avec plus de <strong data-prosemirror-content-type=\"mark\" data-prosemirror-mark-name=\"strong\">25 ans d'exp\u00e9rience<\/strong> dans le secteur de l'immobilier, il est sp\u00e9cialis\u00e9 dans les march\u00e9s r\u00e9sidentiels et d'entreprises.  <\/p>\t\t<\/div>\n\n\t\t\t\t<\/div>\n\t\t\t\t<\/div>\n\t\t\t\t\t<\/div>\n\t\t<\/div>\n\t\t\t\t\t\t\t<\/div>\n\t\t<\/section>\n\t\t\t\t\t<\/div>\n\t\t<\/div>\n\t\t\t\t\t\t\t<\/div>\n\t\t<\/section>\n\t\t\t\t\t\t\t<\/div>\n\t\t","protected":false},"excerpt":{"rendered":"<p>Retour parcours professionnel : Dipl\u00f4m\u00e9 en relations publiques et en communication, et titulaire d&#8217;un dipl\u00f4me de troisi\u00e8me cycle en gestion immobili\u00e8re de l&#8217;\u00e9cole de commerce de Porto, il a occup\u00e9 des postes importants en tant que directeur commercial et marketing du Grupo Empril, a \u00e9t\u00e9 responsable de l&#8217;ouverture de Savills dans la ville de Porto, [&hellip;]<\/p>\n","protected":false},"author":1,"featured_media":0,"parent":0,"menu_order":0,"comment_status":"closed","ping_status":"closed","template":"","meta":{"footnotes":""},"class_list":["post-17120","page","type-page","status-publish","hentry"],"yoast_head":"<!-- This site is optimized with the Yoast SEO plugin v27.1.1 - https:\/\/yoast.com\/product\/yoast-seo-wordpress\/ -->\n<title>Notre \u00e9quipe - Filipe Santos - ALMA Development<\/title>\n<meta name=\"description\" content=\"Avec plus de 25 ans d&#039;exp\u00e9rience dans le secteur de l&#039;immobilier, il est sp\u00e9cialis\u00e9 dans les march\u00e9s r\u00e9sidentiels et d&#039;entreprises.\" \/>\n<meta name=\"robots\" content=\"index, follow, max-snippet:-1, max-image-preview:large, max-video-preview:-1\" \/>\n<link rel=\"canonical\" href=\"https:\/\/almadevelopment.pt\/fr\/notre-equipe-filipe-santos\/\" \/>\n<meta property=\"og:locale\" content=\"fr_FR\" \/>\n<meta property=\"og:type\" content=\"article\" \/>\n<meta property=\"og:title\" content=\"Notre \u00e9quipe - Filipe Santos - ALMA Development\" \/>\n<meta property=\"og:description\" content=\"Avec plus de 25 ans d&#039;exp\u00e9rience dans le secteur de l&#039;immobilier, il est sp\u00e9cialis\u00e9 dans les march\u00e9s r\u00e9sidentiels et d&#039;entreprises.\" \/>\n<meta property=\"og:url\" content=\"https:\/\/almadevelopment.pt\/fr\/notre-equipe-filipe-santos\/\" \/>\n<meta property=\"og:site_name\" content=\"ALMA Development\" \/>\n<meta property=\"article:publisher\" content=\"https:\/\/www.facebook.com\/profile.php?id=100092714824982\" \/>\n<meta property=\"article:modified_time\" content=\"2025-10-28T15:52:28+00:00\" \/>\n<meta property=\"og:image\" content=\"https:\/\/almadevelopment.pt\/wp-content\/uploads\/2025\/10\/Filipe-Santos-CEO-ALMA-Development-640x750_2.webp\" \/>\n\t<meta property=\"og:image:width\" content=\"640\" \/>\n\t<meta property=\"og:image:height\" content=\"750\" \/>\n\t<meta property=\"og:image:type\" content=\"image\/webp\" \/>\n<meta name=\"twitter:card\" content=\"summary_large_image\" \/>\n<script type=\"application\/ld+json\" class=\"yoast-schema-graph\">{\"@context\":\"https:\/\/schema.org\",\"@graph\":[{\"@type\":\"WebPage\",\"@id\":\"https:\/\/almadevelopment.pt\/fr\/notre-equipe-filipe-santos\/\",\"url\":\"https:\/\/almadevelopment.pt\/fr\/notre-equipe-filipe-santos\/\",\"name\":\"Notre \u00e9quipe - Filipe Santos - ALMA Development\",\"isPartOf\":{\"@id\":\"https:\/\/almadevelopment.pt\/fr\/#website\"},\"primaryImageOfPage\":{\"@id\":\"https:\/\/almadevelopment.pt\/fr\/notre-equipe-filipe-santos\/#primaryimage\"},\"image\":{\"@id\":\"https:\/\/almadevelopment.pt\/fr\/notre-equipe-filipe-santos\/#primaryimage\"},\"thumbnailUrl\":\"https:\/\/almadevelopment.pt\/wp-content\/uploads\/2025\/10\/Filipe-Santos-CEO-ALMA-Development-640x750_2.webp\",\"datePublished\":\"2025-10-28T15:02:27+00:00\",\"dateModified\":\"2025-10-28T15:52:28+00:00\",\"description\":\"Avec plus de 25 ans d'exp\u00e9rience dans le secteur de l'immobilier, il est sp\u00e9cialis\u00e9 dans les march\u00e9s r\u00e9sidentiels et d'entreprises.\",\"breadcrumb\":{\"@id\":\"https:\/\/almadevelopment.pt\/fr\/notre-equipe-filipe-santos\/#breadcrumb\"},\"inLanguage\":\"fr-FR\",\"potentialAction\":[{\"@type\":\"ReadAction\",\"target\":[\"https:\/\/almadevelopment.pt\/fr\/notre-equipe-filipe-santos\/\"]}]},{\"@type\":\"ImageObject\",\"inLanguage\":\"fr-FR\",\"@id\":\"https:\/\/almadevelopment.pt\/fr\/notre-equipe-filipe-santos\/#primaryimage\",\"url\":\"https:\/\/almadevelopment.pt\/wp-content\/uploads\/2025\/10\/Filipe-Santos-CEO-ALMA-Development-640x750_2.webp\",\"contentUrl\":\"https:\/\/almadevelopment.pt\/wp-content\/uploads\/2025\/10\/Filipe-Santos-CEO-ALMA-Development-640x750_2.webp\"},{\"@type\":\"BreadcrumbList\",\"@id\":\"https:\/\/almadevelopment.pt\/fr\/notre-equipe-filipe-santos\/#breadcrumb\",\"itemListElement\":[{\"@type\":\"ListItem\",\"position\":1,\"name\":\"Home\",\"item\":\"https:\/\/almadevelopment.pt\/fr\/\"},{\"@type\":\"ListItem\",\"position\":2,\"name\":\"Notre \u00e9quipe &#8211; Filipe Santos\"}]},{\"@type\":\"WebSite\",\"@id\":\"https:\/\/almadevelopment.pt\/fr\/#website\",\"url\":\"https:\/\/almadevelopment.pt\/fr\/\",\"name\":\"ALMA Development\",\"description\":\"Real State of Mind\",\"publisher\":{\"@id\":\"https:\/\/almadevelopment.pt\/fr\/#organization\"},\"potentialAction\":[{\"@type\":\"SearchAction\",\"target\":{\"@type\":\"EntryPoint\",\"urlTemplate\":\"https:\/\/almadevelopment.pt\/fr\/?s={search_term_string}\"},\"query-input\":{\"@type\":\"PropertyValueSpecification\",\"valueRequired\":true,\"valueName\":\"search_term_string\"}}],\"inLanguage\":\"fr-FR\"},{\"@type\":\"Organization\",\"@id\":\"https:\/\/almadevelopment.pt\/fr\/#organization\",\"name\":\"ALMA Development\",\"alternateName\":\"ALMA\",\"url\":\"https:\/\/almadevelopment.pt\/fr\/\",\"logo\":{\"@type\":\"ImageObject\",\"inLanguage\":\"fr-FR\",\"@id\":\"https:\/\/almadevelopment.pt\/fr\/#\/schema\/logo\/image\/\",\"url\":\"https:\/\/almadevelopment.pt\/wp-content\/uploads\/2022\/03\/Logo-ALMA-azul-150-na\u0303o-responsive-04.svg\",\"contentUrl\":\"https:\/\/almadevelopment.pt\/wp-content\/uploads\/2022\/03\/Logo-ALMA-azul-150-na\u0303o-responsive-04.svg\",\"width\":150,\"height\":75,\"caption\":\"ALMA Development\"},\"image\":{\"@id\":\"https:\/\/almadevelopment.pt\/fr\/#\/schema\/logo\/image\/\"},\"sameAs\":[\"https:\/\/www.facebook.com\/profile.php?id=100092714824982\",\"https:\/\/www.linkedin.com\/company\/alma-development-panhard-international\",\"https:\/\/www.instagram.com\/alma.development\/\"]}]}<\/script>\n<!-- \/ Yoast SEO plugin. -->","yoast_head_json":{"title":"Notre \u00e9quipe - Filipe Santos - ALMA Development","description":"Avec plus de 25 ans d'exp\u00e9rience dans le secteur de l'immobilier, il est sp\u00e9cialis\u00e9 dans les march\u00e9s r\u00e9sidentiels et d'entreprises.","robots":{"index":"index","follow":"follow","max-snippet":"max-snippet:-1","max-image-preview":"max-image-preview:large","max-video-preview":"max-video-preview:-1"},"canonical":"https:\/\/almadevelopment.pt\/fr\/notre-equipe-filipe-santos\/","og_locale":"fr_FR","og_type":"article","og_title":"Notre \u00e9quipe - Filipe Santos - ALMA Development","og_description":"Avec plus de 25 ans d'exp\u00e9rience dans le secteur de l'immobilier, il est sp\u00e9cialis\u00e9 dans les march\u00e9s r\u00e9sidentiels et d'entreprises.","og_url":"https:\/\/almadevelopment.pt\/fr\/notre-equipe-filipe-santos\/","og_site_name":"ALMA Development","article_publisher":"https:\/\/www.facebook.com\/profile.php?id=100092714824982","article_modified_time":"2025-10-28T15:52:28+00:00","og_image":[{"width":640,"height":750,"url":"https:\/\/almadevelopment.pt\/wp-content\/uploads\/2025\/10\/Filipe-Santos-CEO-ALMA-Development-640x750_2.webp","type":"image\/webp"}],"twitter_card":"summary_large_image","schema":{"@context":"https:\/\/schema.org","@graph":[{"@type":"WebPage","@id":"https:\/\/almadevelopment.pt\/fr\/notre-equipe-filipe-santos\/","url":"https:\/\/almadevelopment.pt\/fr\/notre-equipe-filipe-santos\/","name":"Notre \u00e9quipe - Filipe Santos - ALMA Development","isPartOf":{"@id":"https:\/\/almadevelopment.pt\/fr\/#website"},"primaryImageOfPage":{"@id":"https:\/\/almadevelopment.pt\/fr\/notre-equipe-filipe-santos\/#primaryimage"},"image":{"@id":"https:\/\/almadevelopment.pt\/fr\/notre-equipe-filipe-santos\/#primaryimage"},"thumbnailUrl":"https:\/\/almadevelopment.pt\/wp-content\/uploads\/2025\/10\/Filipe-Santos-CEO-ALMA-Development-640x750_2.webp","datePublished":"2025-10-28T15:02:27+00:00","dateModified":"2025-10-28T15:52:28+00:00","description":"Avec plus de 25 ans d'exp\u00e9rience dans le secteur de l'immobilier, il est sp\u00e9cialis\u00e9 dans les march\u00e9s r\u00e9sidentiels et d'entreprises.","breadcrumb":{"@id":"https:\/\/almadevelopment.pt\/fr\/notre-equipe-filipe-santos\/#breadcrumb"},"inLanguage":"fr-FR","potentialAction":[{"@type":"ReadAction","target":["https:\/\/almadevelopment.pt\/fr\/notre-equipe-filipe-santos\/"]}]},{"@type":"ImageObject","inLanguage":"fr-FR","@id":"https:\/\/almadevelopment.pt\/fr\/notre-equipe-filipe-santos\/#primaryimage","url":"https:\/\/almadevelopment.pt\/wp-content\/uploads\/2025\/10\/Filipe-Santos-CEO-ALMA-Development-640x750_2.webp","contentUrl":"https:\/\/almadevelopment.pt\/wp-content\/uploads\/2025\/10\/Filipe-Santos-CEO-ALMA-Development-640x750_2.webp"},{"@type":"BreadcrumbList","@id":"https:\/\/almadevelopment.pt\/fr\/notre-equipe-filipe-santos\/#breadcrumb","itemListElement":[{"@type":"ListItem","position":1,"name":"Home","item":"https:\/\/almadevelopment.pt\/fr\/"},{"@type":"ListItem","position":2,"name":"Notre \u00e9quipe &#8211; Filipe Santos"}]},{"@type":"WebSite","@id":"https:\/\/almadevelopment.pt\/fr\/#website","url":"https:\/\/almadevelopment.pt\/fr\/","name":"ALMA Development","description":"Real State of Mind","publisher":{"@id":"https:\/\/almadevelopment.pt\/fr\/#organization"},"potentialAction":[{"@type":"SearchAction","target":{"@type":"EntryPoint","urlTemplate":"https:\/\/almadevelopment.pt\/fr\/?s={search_term_string}"},"query-input":{"@type":"PropertyValueSpecification","valueRequired":true,"valueName":"search_term_string"}}],"inLanguage":"fr-FR"},{"@type":"Organization","@id":"https:\/\/almadevelopment.pt\/fr\/#organization","name":"ALMA Development","alternateName":"ALMA","url":"https:\/\/almadevelopment.pt\/fr\/","logo":{"@type":"ImageObject","inLanguage":"fr-FR","@id":"https:\/\/almadevelopment.pt\/fr\/#\/schema\/logo\/image\/","url":"https:\/\/almadevelopment.pt\/wp-content\/uploads\/2022\/03\/Logo-ALMA-azul-150-na\u0303o-responsive-04.svg","contentUrl":"https:\/\/almadevelopment.pt\/wp-content\/uploads\/2022\/03\/Logo-ALMA-azul-150-na\u0303o-responsive-04.svg","width":150,"height":75,"caption":"ALMA Development"},"image":{"@id":"https:\/\/almadevelopment.pt\/fr\/#\/schema\/logo\/image\/"},"sameAs":["https:\/\/www.facebook.com\/profile.php?id=100092714824982","https:\/\/www.linkedin.com\/company\/alma-development-panhard-international","https:\/\/www.instagram.com\/alma.development\/"]}]}},"_links":{"self":[{"href":"https:\/\/almadevelopment.pt\/fr\/wp-json\/wp\/v2\/pages\/17120","targetHints":{"allow":["GET"]}}],"collection":[{"href":"https:\/\/almadevelopment.pt\/fr\/wp-json\/wp\/v2\/pages"}],"about":[{"href":"https:\/\/almadevelopment.pt\/fr\/wp-json\/wp\/v2\/types\/page"}],"author":[{"embeddable":true,"href":"https:\/\/almadevelopment.pt\/fr\/wp-json\/wp\/v2\/users\/1"}],"replies":[{"embeddable":true,"href":"https:\/\/almadevelopment.pt\/fr\/wp-json\/wp\/v2\/comments?post=17120"}],"version-history":[{"count":4,"href":"https:\/\/almadevelopment.pt\/fr\/wp-json\/wp\/v2\/pages\/17120\/revisions"}],"predecessor-version":[{"id":17134,"href":"https:\/\/almadevelopment.pt\/fr\/wp-json\/wp\/v2\/pages\/17120\/revisions\/17134"}],"wp:attachment":[{"href":"https:\/\/almadevelopment.pt\/fr\/wp-json\/wp\/v2\/media?parent=17120"}],"curies":[{"name":"wp","href":"https:\/\/api.w.org\/{rel}","templated":true}]}}