{"id":18230,"date":"2026-04-09T09:15:06","date_gmt":"2026-04-09T09:15:06","guid":{"rendered":"https:\/\/almadevelopment.pt\/notre-equipe-liliana-tavares\/"},"modified":"2026-04-09T11:17:22","modified_gmt":"2026-04-09T11:17:22","slug":"notre-equipe-liliana-tavares","status":"publish","type":"page","link":"https:\/\/almadevelopment.pt\/fr\/notre-equipe-liliana-tavares\/","title":{"rendered":"Notre \u00e9quipe &#8211; Liliana Tavares"},"content":{"rendered":"\t\t<div data-elementor-type=\"wp-page\" data-elementor-id=\"18230\" class=\"elementor elementor-18230 elementor-18204\" data-elementor-post-type=\"page\">\n\t\t\t\t\t\t\t\t\t<section class=\"elementor-section elementor-top-section elementor-element elementor-element-a2ae01c elementor-section-boxed elementor-section-height-default elementor-section-height-default\" data-id=\"a2ae01c\" data-element_type=\"section\">\n\t\t\t\t\t\t\t<div class=\"elementor-background-overlay\"><\/div>\n\t\t\t\t\t\t\t<div class=\"elementor-container elementor-column-gap-default\">\n\t\t\t\t\t<div class=\"elementor-column elementor-col-33 elementor-top-column elementor-element elementor-element-d328cdb\" data-id=\"d328cdb\" data-element_type=\"column\">\n\t\t\t<div class=\"elementor-widget-wrap elementor-element-populated\">\n\t\t\t\t\t\t\t\t<div class=\"elementor-element elementor-element-02ba1ae elementor-widget__width-auto elementor-widget elementor-widget-ld_button\" data-id=\"02ba1ae\" data-element_type=\"widget\" data-widget_type=\"ld_button.default\">\n\t\t\t\t<div class=\"elementor-widget-container\">\n\t\t\t\n\t\t<a  href=\"https:\/\/almadevelopment.pt\/fr\/a-propos-de-nous\/\" class=\"elementor-button btn align-items-center justify-content-center pos-rel overflow-hidden ws-nowrap btn-naked btn-icon-left btn-icon-bordered btn-has-label\" rel=\"nofollow\" >\n\t\t\t\t\t\t\t<span class=\"btn-txt d-block pos-rel z-index-3\"  data-text=\"Retour\" >\n\t\t\t\t\t\t\t\t\t\t\tRetour\t\t\t\t\t\t\t\t\t<\/span>\n\t\t\t\t\t\t\t\t\t\t\t<span class=\"btn-icon pos-rel z-index-3\">\n\t\t\t\t\t\t<i aria-hidden=\"true\" class=\"fas fa-arrow-left\"><\/i>\t\t\t\t\t<\/span>\n\t\t\t\t\t\t\t<\/a>\n\n\t\t\t\t<\/div>\n\t\t\t\t<\/div>\n\t\t\t\t\t<\/div>\n\t\t<\/div>\n\t\t\t\t<div class=\"elementor-column elementor-col-33 elementor-top-column elementor-element elementor-element-c24302a\" data-id=\"c24302a\" data-element_type=\"column\">\n\t\t\t<div class=\"elementor-widget-wrap\">\n\t\t\t\t\t\t\t\t\t<\/div>\n\t\t<\/div>\n\t\t\t\t<div class=\"elementor-column elementor-col-33 elementor-top-column elementor-element elementor-element-f3f2fe5\" data-id=\"f3f2fe5\" data-element_type=\"column\">\n\t\t\t<div class=\"elementor-widget-wrap\">\n\t\t\t\t\t\t\t\t\t<\/div>\n\t\t<\/div>\n\t\t\t\t\t\t\t<\/div>\n\t\t<\/section>\n\t\t\t\t<section class=\"elementor-section elementor-top-section elementor-element elementor-element-a877737 elementor-section-boxed elementor-section-height-default elementor-section-height-default\" data-id=\"a877737\" data-element_type=\"section\">\n\t\t\t\t\t\t<div class=\"elementor-container elementor-column-gap-extended\">\n\t\t\t\t\t<div class=\"elementor-column elementor-col-50 elementor-top-column elementor-element elementor-element-37489ea\" data-id=\"37489ea\" data-element_type=\"column\">\n\t\t\t<div class=\"elementor-widget-wrap elementor-element-populated\">\n\t\t\t\t\t\t\t\t<div class=\"elementor-element elementor-element-881a362 elementor-widget elementor-widget-ld_fancy_image\" data-id=\"881a362\" data-element_type=\"widget\" data-widget_type=\"ld_fancy_image.default\">\n\t\t\t\t<div class=\"elementor-widget-container\">\n\t\t\t\n\t\t\t<div class=\"lqd-imggrp-single d-inline-flex pos-rel align-items-center justify-content-center\"   >\n\n\t\t\t\t\n\t\t\t\t<div class=\"lqd-imggrp-img-container pos-rel\" >\n\n\t\t\t\t\t<figure\n\t\t\t\t\t\tclass=\"w-100 pos-rel\"\n\t\t\t\t\t\t\t\t\t\t\t\t\t\t\t\t\t>\n\t\t\t\t\t\t<img fetchpriority=\"high\" decoding=\"async\" width=\"640\" height=\"750\" src=\"https:\/\/almadevelopment.pt\/wp-content\/uploads\/2026\/04\/Liliana-Tavares-ALMA-Development-640x750_1.jpg\" class=\"attachment-full size-full wp-image-18221\" alt=\"\" srcset=\"https:\/\/almadevelopment.pt\/wp-content\/uploads\/2026\/04\/Liliana-Tavares-ALMA-Development-640x750_1.jpg 640w, https:\/\/almadevelopment.pt\/wp-content\/uploads\/2026\/04\/Liliana-Tavares-ALMA-Development-640x750_1-256x300.jpg 256w\" sizes=\"(max-width: 640px) 100vw, 640px\" \/>\t\t\t\t\t\t\t\t\t\t\t\t\t\t\t\t\t\t\t\t\t\t\t\t\t\t\t\t\t\t\t\t\t\t\t\t\t\t\t\t\t\t\t\t\t\t\t<\/figure>\n\n\t\t\t\t<\/div>\n\t\t\t<\/div>\n\n\t\t\t\t<\/div>\n\t\t\t\t<\/div>\n\t\t\t\t<div class=\"elementor-element elementor-element-07f108a elementor-widget elementor-widget-hub_fancy_heading\" data-id=\"07f108a\" data-element_type=\"widget\" data-widget_type=\"hub_fancy_heading.default\">\n\t\t\t\t<div class=\"elementor-widget-container\">\n\t\t\t\n\t\t<div id=\"ld-fancy-heading-69d9dcbc257fb\" class=\"ld-fancy-heading pos-rel\">\n\t\t\t<h6 class=\"ld-fh-element d-inline-block pos-rel  elementor-heading-title lqd-highlight-classic lqd-highlight-grow-left h6\"  > parcours professionnel :<\/h6>\t\t<\/div>\n\n\t\t\t\t<\/div>\n\t\t\t\t<\/div>\n\t\t\t\t<div class=\"elementor-element elementor-element-e2c84a9 elementor-widget elementor-widget-hub_fancy_heading\" data-id=\"e2c84a9\" data-element_type=\"widget\" data-widget_type=\"hub_fancy_heading.default\">\n\t\t\t\t<div class=\"elementor-widget-container\">\n\t\t\t\n\t\t<div id=\"ld-fancy-heading-69d9dcbc25f11\" class=\"ld-fancy-heading pos-rel\">\n\t\t\t<p class=\"ld-fh-element d-inline-block pos-rel  lqd-highlight-classic lqd-highlight-grow-left p\"  > Tout au long de sa carri\u00e8re, il s'est sp\u00e9cialis\u00e9 dans le secteur de l'immobilier, se concentrant sur la gestion d'actifs dans diff\u00e9rents segments de march\u00e9, notamment le r\u00e9sidentiel, le commerce et les services et la logistique. Il a travaill\u00e9 pour des entreprises de premier plan telles que Servdebt et Hipoges, int\u00e9grant des \u00e9quipes immobili\u00e8res dans des contextes de forte rotation et d'exigences op\u00e9rationnelles \u00e9lev\u00e9es.  <\/p>\t\t<\/div>\n\n\t\t\t\t<\/div>\n\t\t\t\t<\/div>\n\t\t\t\t<div class=\"elementor-element elementor-element-876d628 elementor-widget elementor-widget-hub_fancy_heading\" data-id=\"876d628\" data-element_type=\"widget\" data-widget_type=\"hub_fancy_heading.default\">\n\t\t\t\t<div class=\"elementor-widget-container\">\n\t\t\t\n\t\t<div id=\"ld-fancy-heading-69d9dcbc26904\" class=\"ld-fancy-heading pos-rel\">\n\t\t\t<p class=\"ld-fh-element d-inline-block pos-rel  lqd-highlight-classic lqd-highlight-grow-left p\"  > Cette exp\u00e9rience lui a permis de consolider ses comp\u00e9tences en mati\u00e8re d'analyse financi\u00e8re, de suivi commercial et de gestion des processus li\u00e9s aux actifs immobiliers. Il s'est distingu\u00e9 par son approche ax\u00e9e sur les r\u00e9sultats, sa rigueur analytique et sa grande capacit\u00e9 d'adaptation \u00e0 des environnements dynamiques et exigeants.<\/p>\t\t<\/div>\n\n\t\t\t\t<\/div>\n\t\t\t\t<\/div>\n\t\t\t\t\t<\/div>\n\t\t<\/div>\n\t\t\t\t<div class=\"lqd-css-sticky-column elementor-column elementor-col-50 elementor-top-column elementor-element elementor-element-14428f1\" style=\"--lqd-sticky-offset:30px\" data-id=\"14428f1\" data-element_type=\"column\">\n\t\t\t<div class=\"elementor-widget-wrap elementor-element-populated\">\n\t\t\t\t\t\t\t\t<section class=\"elementor-section elementor-inner-section elementor-element elementor-element-e364aa2 elementor-section-boxed elementor-section-height-default elementor-section-height-default\" data-id=\"e364aa2\" data-element_type=\"section\" data-settings=\"{&quot;background_background&quot;:&quot;classic&quot;}\">\n\t\t\t\t\t\t<div class=\"elementor-container elementor-column-gap-default\">\n\t\t\t\t\t<div class=\"elementor-column elementor-col-100 elementor-inner-column elementor-element elementor-element-aa37b86\" data-id=\"aa37b86\" data-element_type=\"column\">\n\t\t\t<div class=\"elementor-widget-wrap elementor-element-populated\">\n\t\t\t\t\t\t\t\t<div class=\"elementor-element elementor-element-ab5fc9c elementor-widget elementor-widget-hub_fancy_heading\" data-id=\"ab5fc9c\" data-element_type=\"widget\" data-widget_type=\"hub_fancy_heading.default\">\n\t\t\t\t<div class=\"elementor-widget-container\">\n\t\t\t\n\t\t<div id=\"ld-fancy-heading-69d9dcbc288c0\" class=\"ld-fancy-heading pos-rel\">\n\t\t\t<h6 class=\"ld-fh-element d-inline-block pos-rel  elementor-heading-title lqd-highlight-classic lqd-highlight-grow-left h6\"  > CONSULTANT SENIOR EN VENTE<\/h6>\t\t<\/div>\n\n\t\t\t\t<\/div>\n\t\t\t\t<\/div>\n\t\t\t\t<div class=\"elementor-element elementor-element-b83fdc5 elementor-widget elementor-widget-hub_fancy_heading\" data-id=\"b83fdc5\" data-element_type=\"widget\" data-widget_type=\"hub_fancy_heading.default\">\n\t\t\t\t<div class=\"elementor-widget-container\">\n\t\t\t\n\t\t<div id=\"ld-fancy-heading-69d9dcbc28f50\" class=\"ld-fancy-heading pos-rel\">\n\t\t\t<h2 class=\"ld-fh-element d-inline-block pos-rel  elementor-heading-title lqd-highlight-classic lqd-highlight-grow-left h2\"  > Liliana Tavares<\/h2>\t\t<\/div>\n\n\t\t\t\t<\/div>\n\t\t\t\t<\/div>\n\t\t\t\t<div class=\"elementor-element elementor-element-0818604 elementor-widget elementor-widget-hub_fancy_heading\" data-id=\"0818604\" data-element_type=\"widget\" data-widget_type=\"hub_fancy_heading.default\">\n\t\t\t\t<div class=\"elementor-widget-container\">\n\t\t\t\n\t\t<div id=\"ld-fancy-heading-69d9dcbc296d8\" class=\"ld-fancy-heading pos-rel\">\n\t\t\t<p class=\"ld-fh-element d-inline-block pos-rel  lqd-highlight-classic lqd-highlight-grow-left p\"  > Dipl\u00f4m\u00e9e de l'\u00e9cole de commerce Atl\u00e2ntico en tant que technicienne sup\u00e9rieure en comptabilit\u00e9 et fiscalit\u00e9, elle a plus de 15 ans d'exp\u00e9rience professionnelle dans diff\u00e9rents secteurs d'activit\u00e9, avec une sp\u00e9cialisation dans le domaine commercial.<\/p>\t\t<\/div>\n\n\t\t\t\t<\/div>\n\t\t\t\t<\/div>\n\t\t\t\t\t<\/div>\n\t\t<\/div>\n\t\t\t\t\t\t\t<\/div>\n\t\t<\/section>\n\t\t\t\t\t<\/div>\n\t\t<\/div>\n\t\t\t\t\t\t\t<\/div>\n\t\t<\/section>\n\t\t\t\t\t\t\t<\/div>\n\t\t","protected":false},"excerpt":{"rendered":"<p>Retour parcours professionnel : Tout au long de sa carri\u00e8re, il s&#8217;est sp\u00e9cialis\u00e9 dans le secteur de l&#8217;immobilier, se concentrant sur la gestion d&#8217;actifs dans diff\u00e9rents segments de march\u00e9, notamment le r\u00e9sidentiel, le commerce et les services et la logistique. Il a travaill\u00e9 pour des entreprises de premier plan telles que Servdebt et Hipoges, int\u00e9grant [&hellip;]<\/p>\n","protected":false},"author":1,"featured_media":0,"parent":0,"menu_order":0,"comment_status":"closed","ping_status":"closed","template":"","meta":{"footnotes":""},"class_list":["post-18230","page","type-page","status-publish","hentry"],"yoast_head":"<!-- This site is optimized with the Yoast SEO plugin v27.1.1 - https:\/\/yoast.com\/product\/yoast-seo-wordpress\/ -->\n<title>Notre \u00e9quipe - Liliana Tavares - ALMA Development<\/title>\n<meta name=\"robots\" content=\"index, follow, max-snippet:-1, max-image-preview:large, max-video-preview:-1\" \/>\n<link rel=\"canonical\" href=\"https:\/\/almadevelopment.pt\/fr\/notre-equipe-liliana-tavares\/\" \/>\n<meta property=\"og:locale\" content=\"fr_FR\" \/>\n<meta property=\"og:type\" content=\"article\" \/>\n<meta property=\"og:title\" content=\"Notre \u00e9quipe - Liliana Tavares - ALMA Development\" \/>\n<meta property=\"og:description\" content=\"Retour parcours professionnel : Tout au long de sa carri\u00e8re, il s&#8217;est sp\u00e9cialis\u00e9 dans le secteur de l&#8217;immobilier, se concentrant sur la gestion d&#8217;actifs dans diff\u00e9rents segments de march\u00e9, notamment le r\u00e9sidentiel, le commerce et les services et la logistique. Il a travaill\u00e9 pour des entreprises de premier plan telles que Servdebt et Hipoges, int\u00e9grant [&hellip;]\" \/>\n<meta property=\"og:url\" content=\"https:\/\/almadevelopment.pt\/fr\/notre-equipe-liliana-tavares\/\" \/>\n<meta property=\"og:site_name\" content=\"ALMA Development\" \/>\n<meta property=\"article:publisher\" content=\"https:\/\/www.facebook.com\/profile.php?id=100092714824982\" \/>\n<meta property=\"article:modified_time\" content=\"2026-04-09T11:17:22+00:00\" \/>\n<meta property=\"og:image\" content=\"https:\/\/almadevelopment.pt\/wp-content\/uploads\/2026\/04\/Liliana-Tavares-ALMA-Development-640x750_1.jpg\" \/>\n\t<meta property=\"og:image:width\" content=\"640\" \/>\n\t<meta property=\"og:image:height\" content=\"750\" \/>\n\t<meta property=\"og:image:type\" content=\"image\/jpeg\" \/>\n<meta name=\"twitter:card\" content=\"summary_large_image\" \/>\n<script type=\"application\/ld+json\" class=\"yoast-schema-graph\">{\"@context\":\"https:\/\/schema.org\",\"@graph\":[{\"@type\":\"WebPage\",\"@id\":\"https:\/\/almadevelopment.pt\/fr\/notre-equipe-liliana-tavares\/\",\"url\":\"https:\/\/almadevelopment.pt\/fr\/notre-equipe-liliana-tavares\/\",\"name\":\"Notre \u00e9quipe - Liliana Tavares - ALMA Development\",\"isPartOf\":{\"@id\":\"https:\/\/almadevelopment.pt\/fr\/#website\"},\"primaryImageOfPage\":{\"@id\":\"https:\/\/almadevelopment.pt\/fr\/notre-equipe-liliana-tavares\/#primaryimage\"},\"image\":{\"@id\":\"https:\/\/almadevelopment.pt\/fr\/notre-equipe-liliana-tavares\/#primaryimage\"},\"thumbnailUrl\":\"https:\/\/almadevelopment.pt\/wp-content\/uploads\/2026\/04\/Liliana-Tavares-ALMA-Development-640x750_1.jpg\",\"datePublished\":\"2026-04-09T09:15:06+00:00\",\"dateModified\":\"2026-04-09T11:17:22+00:00\",\"breadcrumb\":{\"@id\":\"https:\/\/almadevelopment.pt\/fr\/notre-equipe-liliana-tavares\/#breadcrumb\"},\"inLanguage\":\"fr-FR\",\"potentialAction\":[{\"@type\":\"ReadAction\",\"target\":[\"https:\/\/almadevelopment.pt\/fr\/notre-equipe-liliana-tavares\/\"]}]},{\"@type\":\"ImageObject\",\"inLanguage\":\"fr-FR\",\"@id\":\"https:\/\/almadevelopment.pt\/fr\/notre-equipe-liliana-tavares\/#primaryimage\",\"url\":\"https:\/\/almadevelopment.pt\/wp-content\/uploads\/2026\/04\/Liliana-Tavares-ALMA-Development-640x750_1.jpg\",\"contentUrl\":\"https:\/\/almadevelopment.pt\/wp-content\/uploads\/2026\/04\/Liliana-Tavares-ALMA-Development-640x750_1.jpg\"},{\"@type\":\"BreadcrumbList\",\"@id\":\"https:\/\/almadevelopment.pt\/fr\/notre-equipe-liliana-tavares\/#breadcrumb\",\"itemListElement\":[{\"@type\":\"ListItem\",\"position\":1,\"name\":\"Home\",\"item\":\"https:\/\/almadevelopment.pt\/fr\/\"},{\"@type\":\"ListItem\",\"position\":2,\"name\":\"Notre \u00e9quipe &#8211; Liliana Tavares\"}]},{\"@type\":\"WebSite\",\"@id\":\"https:\/\/almadevelopment.pt\/fr\/#website\",\"url\":\"https:\/\/almadevelopment.pt\/fr\/\",\"name\":\"ALMA Development\",\"description\":\"Real State of Mind\",\"publisher\":{\"@id\":\"https:\/\/almadevelopment.pt\/fr\/#organization\"},\"potentialAction\":[{\"@type\":\"SearchAction\",\"target\":{\"@type\":\"EntryPoint\",\"urlTemplate\":\"https:\/\/almadevelopment.pt\/fr\/?s={search_term_string}\"},\"query-input\":{\"@type\":\"PropertyValueSpecification\",\"valueRequired\":true,\"valueName\":\"search_term_string\"}}],\"inLanguage\":\"fr-FR\"},{\"@type\":\"Organization\",\"@id\":\"https:\/\/almadevelopment.pt\/fr\/#organization\",\"name\":\"ALMA Development\",\"alternateName\":\"ALMA\",\"url\":\"https:\/\/almadevelopment.pt\/fr\/\",\"logo\":{\"@type\":\"ImageObject\",\"inLanguage\":\"fr-FR\",\"@id\":\"https:\/\/almadevelopment.pt\/fr\/#\/schema\/logo\/image\/\",\"url\":\"https:\/\/almadevelopment.pt\/wp-content\/uploads\/2022\/03\/Logo-ALMA-azul-150-na\u0303o-responsive-04.svg\",\"contentUrl\":\"https:\/\/almadevelopment.pt\/wp-content\/uploads\/2022\/03\/Logo-ALMA-azul-150-na\u0303o-responsive-04.svg\",\"width\":150,\"height\":75,\"caption\":\"ALMA Development\"},\"image\":{\"@id\":\"https:\/\/almadevelopment.pt\/fr\/#\/schema\/logo\/image\/\"},\"sameAs\":[\"https:\/\/www.facebook.com\/profile.php?id=100092714824982\",\"https:\/\/www.linkedin.com\/company\/alma-development-panhard-international\",\"https:\/\/www.instagram.com\/alma.development\/\"]}]}<\/script>\n<!-- \/ Yoast SEO plugin. -->","yoast_head_json":{"title":"Notre \u00e9quipe - Liliana Tavares - ALMA Development","robots":{"index":"index","follow":"follow","max-snippet":"max-snippet:-1","max-image-preview":"max-image-preview:large","max-video-preview":"max-video-preview:-1"},"canonical":"https:\/\/almadevelopment.pt\/fr\/notre-equipe-liliana-tavares\/","og_locale":"fr_FR","og_type":"article","og_title":"Notre \u00e9quipe - Liliana Tavares - ALMA Development","og_description":"Retour parcours professionnel : Tout au long de sa carri\u00e8re, il s&#8217;est sp\u00e9cialis\u00e9 dans le secteur de l&#8217;immobilier, se concentrant sur la gestion d&#8217;actifs dans diff\u00e9rents segments de march\u00e9, notamment le r\u00e9sidentiel, le commerce et les services et la logistique. Il a travaill\u00e9 pour des entreprises de premier plan telles que Servdebt et Hipoges, int\u00e9grant [&hellip;]","og_url":"https:\/\/almadevelopment.pt\/fr\/notre-equipe-liliana-tavares\/","og_site_name":"ALMA Development","article_publisher":"https:\/\/www.facebook.com\/profile.php?id=100092714824982","article_modified_time":"2026-04-09T11:17:22+00:00","og_image":[{"width":640,"height":750,"url":"https:\/\/almadevelopment.pt\/wp-content\/uploads\/2026\/04\/Liliana-Tavares-ALMA-Development-640x750_1.jpg","type":"image\/jpeg"}],"twitter_card":"summary_large_image","schema":{"@context":"https:\/\/schema.org","@graph":[{"@type":"WebPage","@id":"https:\/\/almadevelopment.pt\/fr\/notre-equipe-liliana-tavares\/","url":"https:\/\/almadevelopment.pt\/fr\/notre-equipe-liliana-tavares\/","name":"Notre \u00e9quipe - Liliana Tavares - ALMA Development","isPartOf":{"@id":"https:\/\/almadevelopment.pt\/fr\/#website"},"primaryImageOfPage":{"@id":"https:\/\/almadevelopment.pt\/fr\/notre-equipe-liliana-tavares\/#primaryimage"},"image":{"@id":"https:\/\/almadevelopment.pt\/fr\/notre-equipe-liliana-tavares\/#primaryimage"},"thumbnailUrl":"https:\/\/almadevelopment.pt\/wp-content\/uploads\/2026\/04\/Liliana-Tavares-ALMA-Development-640x750_1.jpg","datePublished":"2026-04-09T09:15:06+00:00","dateModified":"2026-04-09T11:17:22+00:00","breadcrumb":{"@id":"https:\/\/almadevelopment.pt\/fr\/notre-equipe-liliana-tavares\/#breadcrumb"},"inLanguage":"fr-FR","potentialAction":[{"@type":"ReadAction","target":["https:\/\/almadevelopment.pt\/fr\/notre-equipe-liliana-tavares\/"]}]},{"@type":"ImageObject","inLanguage":"fr-FR","@id":"https:\/\/almadevelopment.pt\/fr\/notre-equipe-liliana-tavares\/#primaryimage","url":"https:\/\/almadevelopment.pt\/wp-content\/uploads\/2026\/04\/Liliana-Tavares-ALMA-Development-640x750_1.jpg","contentUrl":"https:\/\/almadevelopment.pt\/wp-content\/uploads\/2026\/04\/Liliana-Tavares-ALMA-Development-640x750_1.jpg"},{"@type":"BreadcrumbList","@id":"https:\/\/almadevelopment.pt\/fr\/notre-equipe-liliana-tavares\/#breadcrumb","itemListElement":[{"@type":"ListItem","position":1,"name":"Home","item":"https:\/\/almadevelopment.pt\/fr\/"},{"@type":"ListItem","position":2,"name":"Notre \u00e9quipe &#8211; Liliana Tavares"}]},{"@type":"WebSite","@id":"https:\/\/almadevelopment.pt\/fr\/#website","url":"https:\/\/almadevelopment.pt\/fr\/","name":"ALMA Development","description":"Real State of Mind","publisher":{"@id":"https:\/\/almadevelopment.pt\/fr\/#organization"},"potentialAction":[{"@type":"SearchAction","target":{"@type":"EntryPoint","urlTemplate":"https:\/\/almadevelopment.pt\/fr\/?s={search_term_string}"},"query-input":{"@type":"PropertyValueSpecification","valueRequired":true,"valueName":"search_term_string"}}],"inLanguage":"fr-FR"},{"@type":"Organization","@id":"https:\/\/almadevelopment.pt\/fr\/#organization","name":"ALMA Development","alternateName":"ALMA","url":"https:\/\/almadevelopment.pt\/fr\/","logo":{"@type":"ImageObject","inLanguage":"fr-FR","@id":"https:\/\/almadevelopment.pt\/fr\/#\/schema\/logo\/image\/","url":"https:\/\/almadevelopment.pt\/wp-content\/uploads\/2022\/03\/Logo-ALMA-azul-150-na\u0303o-responsive-04.svg","contentUrl":"https:\/\/almadevelopment.pt\/wp-content\/uploads\/2022\/03\/Logo-ALMA-azul-150-na\u0303o-responsive-04.svg","width":150,"height":75,"caption":"ALMA Development"},"image":{"@id":"https:\/\/almadevelopment.pt\/fr\/#\/schema\/logo\/image\/"},"sameAs":["https:\/\/www.facebook.com\/profile.php?id=100092714824982","https:\/\/www.linkedin.com\/company\/alma-development-panhard-international","https:\/\/www.instagram.com\/alma.development\/"]}]}},"_links":{"self":[{"href":"https:\/\/almadevelopment.pt\/fr\/wp-json\/wp\/v2\/pages\/18230","targetHints":{"allow":["GET"]}}],"collection":[{"href":"https:\/\/almadevelopment.pt\/fr\/wp-json\/wp\/v2\/pages"}],"about":[{"href":"https:\/\/almadevelopment.pt\/fr\/wp-json\/wp\/v2\/types\/page"}],"author":[{"embeddable":true,"href":"https:\/\/almadevelopment.pt\/fr\/wp-json\/wp\/v2\/users\/1"}],"replies":[{"embeddable":true,"href":"https:\/\/almadevelopment.pt\/fr\/wp-json\/wp\/v2\/comments?post=18230"}],"version-history":[{"count":5,"href":"https:\/\/almadevelopment.pt\/fr\/wp-json\/wp\/v2\/pages\/18230\/revisions"}],"predecessor-version":[{"id":18247,"href":"https:\/\/almadevelopment.pt\/fr\/wp-json\/wp\/v2\/pages\/18230\/revisions\/18247"}],"wp:attachment":[{"href":"https:\/\/almadevelopment.pt\/fr\/wp-json\/wp\/v2\/media?parent=18230"}],"curies":[{"name":"wp","href":"https:\/\/api.w.org\/{rel}","templated":true}]}}